{"id":611,"date":"2025-10-19T21:49:55","date_gmt":"2025-10-19T19:49:55","guid":{"rendered":"https:\/\/clinicavalor.com\/?page_id=611"},"modified":"2025-10-19T21:49:56","modified_gmt":"2025-10-19T19:49:56","slug":"aviso-legal","status":"publish","type":"page","link":"https:\/\/clinicavalor.com\/en\/aviso-legal\/","title":{"rendered":"Legal Notice"},"content":{"rendered":"\n<h1 class=\"wp-block-heading\">Aviso Legal<\/h1>\n\n\n\n<p>En cumplimiento del art\u00edculo 10 de la Ley 34\/2002, de Servicios de la Sociedad de la Informaci\u00f3n y Comercio Electr\u00f3nico, se informa:<\/p>\n\n\n\n<h2 class=\"wp-block-heading\">1. Datos del titular<\/h2>\n\n\n\n<ul class=\"wp-block-list\">\n<li><strong>Titular del sitio web<\/strong>: Cl\u00ednica Valor<\/li>\n\n\n\n<li><strong>Dominio web<\/strong>: https:\/\/www.clinicavalor.com<\/li>\n\n\n\n<li><strong>Email de contacto<\/strong>: [sihanalaelclinicavalor@gmail.com]<\/li>\n\n\n\n<li><strong>Actividad<\/strong>: Servicios sanitarios \/ cl\u00ednicos<\/li>\n<\/ul>\n\n\n\n<h2 class=\"wp-block-heading\">2. Condiciones de uso<\/h2>\n\n\n\n<p>El acceso a este sitio implica la aceptaci\u00f3n de estas condiciones:<\/p>\n\n\n\n<ul class=\"wp-block-list\">\n<li>El usuario se compromete a utilizar el sitio web conforme a la ley y a no da\u00f1ar su funcionamiento.<\/li>\n\n\n\n<li>Cl\u00ednica Valor se reserva el derecho a modificar cualquier contenido sin previo aviso.<\/li>\n<\/ul>\n\n\n\n<h2 class=\"wp-block-heading\">3. Propiedad intelectual<\/h2>\n\n\n\n<p>Todos los contenidos de este sitio web (textos, im\u00e1genes, logos, etc.) est\u00e1n protegidos por derechos de autor y propiedad intelectual. No se permite su reproducci\u00f3n sin autorizaci\u00f3n expresa.<\/p>\n\n\n\n<h2 class=\"wp-block-heading\">4. Responsabilidad<\/h2>\n\n\n\n<p>Cl\u00ednica Valor no se responsabiliza del mal uso de los contenidos, ni de posibles errores o interrupciones en el sitio.<\/p>\n\n\n\n<h2 class=\"wp-block-heading\">5. Enlaces externos<\/h2>\n\n\n\n<p>Este sitio puede contener enlaces a p\u00e1ginas de terceros. Cl\u00ednica Valor no se responsabiliza de su contenido ni del tratamiento de datos que estos puedan realizar.<\/p>\n\n\n\n<h2 class=\"wp-block-heading\">6. Legislaci\u00f3n aplicable<\/h2>\n\n\n\n<p>Estas condiciones se rigen por la legislaci\u00f3n espa\u00f1ola. Para cualquier controversia se someter\u00e1n a los tribunales de [Ciudad donde est\u00e1 registrada la cl\u00ednica].<\/p>\n\n\n\n<p>Fecha de la \u00faltima actualizaci\u00f3n: octubre 2025.<\/p>\n","protected":false},"excerpt":{"rendered":"<p>Aviso Legal En cumplimiento del art\u00edculo 10 de la Ley 34\/2002, de Servicios de la Sociedad de la Informaci\u00f3n y [&hellip;]<\/p>\n","protected":false},"author":4,"featured_media":0,"parent":0,"menu_order":0,"comment_status":"closed","ping_status":"closed","template":"","meta":{"site-sidebar-layout":"default","site-content-layout":"","ast-site-content-layout":"default","site-content-style":"default","site-sidebar-style":"default","ast-global-header-display":"","ast-banner-title-visibility":"","ast-main-header-display":"","ast-hfb-above-header-display":"","ast-hfb-below-header-display":"","ast-hfb-mobile-header-display":"","site-post-title":"","ast-breadcrumbs-content":"","ast-featured-img":"","footer-sml-layout":"","theme-transparent-header-meta":"","adv-header-id-meta":"","stick-header-meta":"","header-above-stick-meta":"","header-main-stick-meta":"","header-below-stick-meta":"","astra-migrate-meta-layouts":"default","ast-page-background-enabled":"default","ast-page-background-meta":{"desktop":{"background-color":"var(--ast-global-color-5)","background-image":"","background-repeat":"repeat","background-position":"center center","background-size":"auto","background-attachment":"scroll","background-type":"","background-media":"","overlay-type":"","overlay-color":"","overlay-opacity":"","overlay-gradient":""},"tablet":{"background-color":"","background-image":"","background-repeat":"repeat","background-position":"center center","background-size":"auto","background-attachment":"scroll","background-type":"","background-media":"","overlay-type":"","overlay-color":"","overlay-opacity":"","overlay-gradient":""},"mobile":{"background-color":"","background-image":"","background-repeat":"repeat","background-position":"center center","background-size":"auto","background-attachment":"scroll","background-type":"","background-media":"","overlay-type":"","overlay-color":"","overlay-opacity":"","overlay-gradient":""}},"ast-content-background-meta":{"desktop":{"background-color":"var(--ast-global-color-4)","background-image":"","background-repeat":"repeat","background-position":"center center","background-size":"auto","background-attachment":"scroll","background-type":"","background-media":"","overlay-type":"","overlay-color":"","overlay-opacity":"","overlay-gradient":""},"tablet":{"background-color":"var(--ast-global-color-4)","background-image":"","background-repeat":"repeat","background-position":"center center","background-size":"auto","background-attachment":"scroll","background-type":"","background-media":"","overlay-type":"","overlay-color":"","overlay-opacity":"","overlay-gradient":""},"mobile":{"background-color":"var(--ast-global-color-4)","background-image":"","background-repeat":"repeat","background-position":"center center","background-size":"auto","background-attachment":"scroll","background-type":"","background-media":"","overlay-type":"","overlay-color":"","overlay-opacity":"","overlay-gradient":""}},"footnotes":""},"class_list":["post-611","page","type-page","status-publish","hentry"],"yoast_head":"<!-- This site is optimized with the Yoast SEO plugin v27.4 - https:\/\/yoast.com\/product\/yoast-seo-wordpress\/ -->\n<title>Aviso Legal -<\/title>\n<meta name=\"robots\" content=\"index, follow, max-snippet:-1, max-image-preview:large, max-video-preview:-1\" \/>\n<link rel=\"canonical\" href=\"https:\/\/clinicavalor.com\/en\/aviso-legal\/\" \/>\n<meta property=\"og:locale\" content=\"en_US\" \/>\n<meta property=\"og:type\" content=\"article\" \/>\n<meta property=\"og:title\" content=\"Aviso Legal -\" \/>\n<meta property=\"og:description\" content=\"Aviso Legal En cumplimiento del art\u00edculo 10 de la Ley 34\/2002, de Servicios de la Sociedad de la Informaci\u00f3n y [&hellip;]\" \/>\n<meta property=\"og:url\" content=\"https:\/\/clinicavalor.com\/en\/aviso-legal\/\" \/>\n<meta property=\"article:modified_time\" content=\"2025-10-19T19:49:56+00:00\" \/>\n<meta name=\"twitter:card\" content=\"summary_large_image\" \/>\n<meta name=\"twitter:label1\" content=\"Est. reading time\" \/>\n\t<meta name=\"twitter:data1\" content=\"1 minute\" \/>\n<script type=\"application\/ld+json\" class=\"yoast-schema-graph\">{\"@context\":\"https:\\\/\\\/schema.org\",\"@graph\":[{\"@type\":\"WebPage\",\"@id\":\"https:\\\/\\\/clinicavalor.com\\\/aviso-legal\\\/\",\"url\":\"https:\\\/\\\/clinicavalor.com\\\/aviso-legal\\\/\",\"name\":\"Aviso Legal -\",\"isPartOf\":{\"@id\":\"https:\\\/\\\/clinicavalor.com\\\/#website\"},\"datePublished\":\"2025-10-19T19:49:55+00:00\",\"dateModified\":\"2025-10-19T19:49:56+00:00\",\"breadcrumb\":{\"@id\":\"https:\\\/\\\/clinicavalor.com\\\/aviso-legal\\\/#breadcrumb\"},\"inLanguage\":\"en-US\",\"potentialAction\":[{\"@type\":\"ReadAction\",\"target\":[\"https:\\\/\\\/clinicavalor.com\\\/aviso-legal\\\/\"]}]},{\"@type\":\"BreadcrumbList\",\"@id\":\"https:\\\/\\\/clinicavalor.com\\\/aviso-legal\\\/#breadcrumb\",\"itemListElement\":[{\"@type\":\"ListItem\",\"position\":1,\"name\":\"Home\",\"item\":\"https:\\\/\\\/clinicavalor.com\\\/\"},{\"@type\":\"ListItem\",\"position\":2,\"name\":\"Aviso Legal\"}]},{\"@type\":\"WebSite\",\"@id\":\"https:\\\/\\\/clinicavalor.com\\\/#website\",\"url\":\"https:\\\/\\\/clinicavalor.com\\\/\",\"name\":\"\",\"description\":\"specialistas en tratamientos est\u00e9ticos avanzados como Dermapen, toxina botul\u00ednica y PRP. Formaci\u00f3n exclusiva con m\u00e1steres en Dermapen y cursos de est\u00e9tica en Benalm\u00e1dena.\",\"publisher\":{\"@id\":\"https:\\\/\\\/clinicavalor.com\\\/#organization\"},\"potentialAction\":[{\"@type\":\"SearchAction\",\"target\":{\"@type\":\"EntryPoint\",\"urlTemplate\":\"https:\\\/\\\/clinicavalor.com\\\/?s={search_term_string}\"},\"query-input\":{\"@type\":\"PropertyValueSpecification\",\"valueRequired\":true,\"valueName\":\"search_term_string\"}}],\"inLanguage\":\"en-US\"},{\"@type\":\"Organization\",\"@id\":\"https:\\\/\\\/clinicavalor.com\\\/#organization\",\"name\":\"\",\"url\":\"https:\\\/\\\/clinicavalor.com\\\/\",\"logo\":{\"@type\":\"ImageObject\",\"inLanguage\":\"en-US\",\"@id\":\"https:\\\/\\\/clinicavalor.com\\\/#\\\/schema\\\/logo\\\/image\\\/\",\"url\":\"https:\\\/\\\/clinicavalor.com\\\/wp-content\\\/uploads\\\/2023\\\/10\\\/cropped-cropped-Diseno-sin-titulo-16-3.png\",\"contentUrl\":\"https:\\\/\\\/clinicavalor.com\\\/wp-content\\\/uploads\\\/2023\\\/10\\\/cropped-cropped-Diseno-sin-titulo-16-3.png\",\"width\":172,\"height\":241,\"caption\":\" \"},\"image\":{\"@id\":\"https:\\\/\\\/clinicavalor.com\\\/#\\\/schema\\\/logo\\\/image\\\/\"}}]}<\/script>\n<!-- \/ Yoast SEO plugin. -->","yoast_head_json":{"title":"Aviso Legal -","robots":{"index":"index","follow":"follow","max-snippet":"max-snippet:-1","max-image-preview":"max-image-preview:large","max-video-preview":"max-video-preview:-1"},"canonical":"https:\/\/clinicavalor.com\/en\/aviso-legal\/","og_locale":"en_US","og_type":"article","og_title":"Aviso Legal -","og_description":"Aviso Legal En cumplimiento del art\u00edculo 10 de la Ley 34\/2002, de Servicios de la Sociedad de la Informaci\u00f3n y [&hellip;]","og_url":"https:\/\/clinicavalor.com\/en\/aviso-legal\/","article_modified_time":"2025-10-19T19:49:56+00:00","twitter_card":"summary_large_image","twitter_misc":{"Est. reading time":"1 minute"},"schema":{"@context":"https:\/\/schema.org","@graph":[{"@type":"WebPage","@id":"https:\/\/clinicavalor.com\/aviso-legal\/","url":"https:\/\/clinicavalor.com\/aviso-legal\/","name":"Aviso Legal -","isPartOf":{"@id":"https:\/\/clinicavalor.com\/#website"},"datePublished":"2025-10-19T19:49:55+00:00","dateModified":"2025-10-19T19:49:56+00:00","breadcrumb":{"@id":"https:\/\/clinicavalor.com\/aviso-legal\/#breadcrumb"},"inLanguage":"en-US","potentialAction":[{"@type":"ReadAction","target":["https:\/\/clinicavalor.com\/aviso-legal\/"]}]},{"@type":"BreadcrumbList","@id":"https:\/\/clinicavalor.com\/aviso-legal\/#breadcrumb","itemListElement":[{"@type":"ListItem","position":1,"name":"Home","item":"https:\/\/clinicavalor.com\/"},{"@type":"ListItem","position":2,"name":"Aviso Legal"}]},{"@type":"WebSite","@id":"https:\/\/clinicavalor.com\/#website","url":"https:\/\/clinicavalor.com\/","name":"","description":"specialistas en tratamientos est\u00e9ticos avanzados como Dermapen, toxina botul\u00ednica y PRP. Formaci\u00f3n exclusiva con m\u00e1steres en Dermapen y cursos de est\u00e9tica en Benalm\u00e1dena.","publisher":{"@id":"https:\/\/clinicavalor.com\/#organization"},"potentialAction":[{"@type":"SearchAction","target":{"@type":"EntryPoint","urlTemplate":"https:\/\/clinicavalor.com\/?s={search_term_string}"},"query-input":{"@type":"PropertyValueSpecification","valueRequired":true,"valueName":"search_term_string"}}],"inLanguage":"en-US"},{"@type":"Organization","@id":"https:\/\/clinicavalor.com\/#organization","name":"","url":"https:\/\/clinicavalor.com\/","logo":{"@type":"ImageObject","inLanguage":"en-US","@id":"https:\/\/clinicavalor.com\/#\/schema\/logo\/image\/","url":"https:\/\/clinicavalor.com\/wp-content\/uploads\/2023\/10\/cropped-cropped-Diseno-sin-titulo-16-3.png","contentUrl":"https:\/\/clinicavalor.com\/wp-content\/uploads\/2023\/10\/cropped-cropped-Diseno-sin-titulo-16-3.png","width":172,"height":241,"caption":" "},"image":{"@id":"https:\/\/clinicavalor.com\/#\/schema\/logo\/image\/"}}]}},"_links":{"self":[{"href":"https:\/\/clinicavalor.com\/en\/wp-json\/wp\/v2\/pages\/611","targetHints":{"allow":["GET"]}}],"collection":[{"href":"https:\/\/clinicavalor.com\/en\/wp-json\/wp\/v2\/pages"}],"about":[{"href":"https:\/\/clinicavalor.com\/en\/wp-json\/wp\/v2\/types\/page"}],"author":[{"embeddable":true,"href":"https:\/\/clinicavalor.com\/en\/wp-json\/wp\/v2\/users\/4"}],"replies":[{"embeddable":true,"href":"https:\/\/clinicavalor.com\/en\/wp-json\/wp\/v2\/comments?post=611"}],"version-history":[{"count":1,"href":"https:\/\/clinicavalor.com\/en\/wp-json\/wp\/v2\/pages\/611\/revisions"}],"predecessor-version":[{"id":612,"href":"https:\/\/clinicavalor.com\/en\/wp-json\/wp\/v2\/pages\/611\/revisions\/612"}],"wp:attachment":[{"href":"https:\/\/clinicavalor.com\/en\/wp-json\/wp\/v2\/media?parent=611"}],"curies":[{"name":"wp","href":"https:\/\/api.w.org\/{rel}","templated":true}]}}