{"id":511,"date":"2025-09-13T20:18:40","date_gmt":"2025-09-13T18:18:40","guid":{"rendered":"https:\/\/clinicavalor.com\/?page_id=511"},"modified":"2026-05-10T20:42:10","modified_gmt":"2026-05-10T18:42:10","slug":"inicio","status":"publish","type":"page","link":"https:\/\/clinicavalor.com\/en\/","title":{"rendered":"Home"},"content":{"rendered":"<h1>\n\t\t\tValor Clinic\t<\/h1>\n<h3>\n\t\t\tBelleza natural con precisi\u00f3n m\u00e9dica\t<\/h3>\n\t\t\t<a href=\"https:\/\/api.whatsapp.com\/send?phone=34685316708&#038;text=Hola%20quiero%20agendar%20una%20cita\"  target=\"_blank\" rel=\"noopener\">\n\t\t\t\t\t\tAGENDA UNA CITA GRATUITA\n\t\t\t\t\t<\/a>\n\n<h3>\n\t\t\tCl\u00ednica Est\u00e9tica\t<\/h3>\n<h2>\n\t\t\tPromociones de mayo\t<\/h2>\n<figure itemscope itemtype=\"https:\/\/schema.org\/ImageObject\">\n\t\t\t\t<img decoding=\"async\" src=\"https:\/\/clinicavalor.com\/wp-content\/uploads\/2026\/05\/promocion-full-face-mayo-2026.jpg\" alt=\"promocion full face mayo 2026\" height=\"1920\" width=\"1080\" title=\"promocion full face mayo 2026\" onerror=\"this.style.display='none'\" loading=\"lazy\" \/>\n\t<\/figure>\n<h3>\n\t\t\tFULL FACE PREMIUM\t<\/h3>\n<h4>\n\t\t\tRejuvenecimiento y armonizaci\u00f3n facial completa\t<\/h4>\n\tAntes 1249\u20ac<br \/>\n699\u20ac\n\t\t\t<a href=\"https:\/\/api.whatsapp.com\/send?phone=34685316708&#038;text=Quiero%20m\u00e1s%20informaci\u00f3n%20sobre%20la%20oferta%20del%20Full%20Face%20por%20699%20euros\"  target=\"_self\">\n\t\t\t\t\t\tQUIERO ESTA PROMO\n\t\t\t\t\t<\/a>\n<h2>\n\t\t\tCl\u00ednica Valor Benalm\u00e1dena &#8211; Est\u00e9tica avanzada  y formaci\u00f3n\t<\/h2>\n\t<h3 data-start=\"403\" data-end=\"472\"><img decoding=\"async\" role=\"img\" draggable=\"false\" src=\"https:\/\/s.w.org\/images\/core\/emoji\/16.0.1\/svg\/2728.svg\" alt=\"\u2728\" \/> Cl\u00ednica Valor Benalm\u00e1dena: Natural beauty with medical precision<\/h3>\nAre you looking for a cosmetic clinic in Benalm\u00e1dena with visible, natural and professional results? At <strong data-start=\"573\" data-end=\"590\">Valor Clinic<\/strong> we offer a comprehensive approach to advanced aesthetics, where we combine the best of aesthetic medicine with the latest technology and a completely personalized treatment.\n<p><img decoding=\"async\" role=\"img\" draggable=\"false\" src=\"https:\/\/s.w.org\/images\/core\/emoji\/16.0.1\/svg\/1f3e5.svg\" alt=\"\ud83c\udfe5\" \/> We are located in a central and accessible area, just 2 minutes walk from Arroyo de la Miel station.<br data-start=\"877\" data-end=\"880\" \/><img decoding=\"async\" role=\"img\" draggable=\"false\" src=\"https:\/\/s.w.org\/images\/core\/emoji\/16.0.1\/svg\/1f9d1-200d-2695-fe0f.svg\" alt=\"\ud83e\uddd1\u200d\u2695\ufe0f\" \/> We have a highly qualified team, led by medical specialists with years of experience.<br data-start=\"991\" data-end=\"994\" \/><img decoding=\"async\" role=\"img\" draggable=\"false\" src=\"https:\/\/s.w.org\/images\/core\/emoji\/16.0.1\/svg\/1f48e.svg\" alt=\"\ud83d\udc8e\" \/> We work exclusively with official products, state-of-the-art equipment and non-invasive techniques for you to achieve <strong data-start=\"1124\" data-end=\"1169\">real results without surgery<\/strong>.<\/p>\nWe offer treatments and training in:\n<ul data-start=\"1214\" data-end=\"1559\">\n<li data-start=\"1214\" data-end=\"1325\">\n<strong data-start=\"1216\" data-end=\"1255\">Aesthetic facial and body medicine<\/strong>: neuromoduladores, \u00e1cido hialur\u00f3nico, hilos tensores, mesoterapia, tratamiento de regeneraci\u00f3n capilar, Dermapen en Benalm\u00e1dena y m\u00e1s.\n<\/li>\n<li data-start=\"1326\" data-end=\"1379\">\n<strong data-start=\"1328\" data-end=\"1348\">Aesthetic surgery<\/strong> with qualified specialists.\n<\/li>\n<li data-start=\"1380\" data-end=\"1496\">\n<strong data-start=\"1382\" data-end=\"1415\">Master's degrees and official workshops<\/strong> in micropigmentation, Dermapen, eyebrow design, eyelash extensions, etc.\n<\/li>\n<li data-start=\"1497\" data-end=\"1559\">\n<strong data-start=\"1499\" data-end=\"1523\">Approved training<\/strong> with certificate and real practices.\n<\/li>\n<\/ul>\n<img decoding=\"async\" role=\"img\" draggable=\"false\" src=\"https:\/\/s.w.org\/images\/core\/emoji\/16.0.1\/svg\/1f4cd.svg\" alt=\"\ud83d\udccd\" \/> Come and meet us at:<br data-start=\"1584\" data-end=\"1587\" \/><strong data-start=\"1587\" data-end=\"1647\">Av. Blas Infante, 22, Local 1, 29631 Benalm\u00e1dena, M\u00e1laga<\/strong>\n<img decoding=\"async\" role=\"img\" draggable=\"false\" src=\"https:\/\/s.w.org\/images\/core\/emoji\/16.0.1\/svg\/1f4de.svg\" alt=\"\ud83d\udcde\" \/> Phone: <a rel=\"noopener\" data-start=\"1662\" data-end=\"1691\">611 51 22 50<\/a>\n\t\t\t<a href=\"https:\/\/wa.me\/34611512250\"  target=\"_self\">\n\t\t\t\t\t\tAgenda una cita gratuita\n\t\t\t\t\t<\/a>\n\t<iframe src=\"https:\/\/www.google.com\/maps\/embed?pb=!1m18!1m12!1m3!1d3186.8459119995093!2d-4.563735724179203!3d36.59801807879739!2m3!1f0!2f0!3f0!3m2!1i1024!2i768!4f13.1!3m3!1m2!1s0xd72f77c5805f371%3A0x2a146db6599b9052!2sAv.%20Blas%20Infante%2C%2022%2C%20Local%201%2C%2029631%20Benalm%C3%A1dena%2C%20M%C3%A1laga!5e0!3m2!1ses!2ses!4v1694792189505!5m2!1ses!2ses\" width=\"100%\" height=\"350\" allowfullscreen=\"\" loading=\"lazy\" referrerpolicy=\"no-referrer-when-downgrade\"><\/iframe>\n<h2>\n\t\t\tReasons to choose us\t<\/h2>\n\n<figure itemscope itemtype=\"https:\/\/schema.org\/ImageObject\">\n\t\t\t\t<img decoding=\"async\" src=\"https:\/\/clinicavalor.com\/wp-content\/uploads\/2025\/10\/foto-interior-clinica-valor-benalmadena.jpg\" alt=\"foto-interior-clinica-valor-benalmadena\" height=\"931\" width=\"1400\" title=\"clinic-interior-photo-value-benalmadena\" onerror=\"this.style.display='none'\" loading=\"lazy\" \/>\n\t<\/figure>\n\t<p>At Cl\u00ednica Valor, your center of reference if you are looking for <strong>aesthetic treatments in Benalm\u00e1dena,<\/strong> we understand aesthetics as a way to feel good about yourself. Our director, Sihana Lael, has more than 40 years of experience combining medicine, facial art and human closeness.<\/p>\n<p>We specialize in <a href=\"https:\/\/clinicavalor.com\/en\/medical\/\">medical treatments<\/a>, como neuromoduladores, tratamiento de recuperaci\u00f3n y fortalecimiento del cabello<strong>, hilos tensores, ozonoterapia, c\u00f3ctel de vitaminas, lipol\u00e1ser,\u00a0 dermapen en Benalm\u00e1dena<\/strong> and other aesthetic medicine treatments.<\/p>\n<p>Do you want professional training to get certified with the <strong>Best Dermapen courses in Benalm\u00e1dena,<\/strong> micropigmentation, acrylic nails, among others?<\/p>\n<p>We offer <a href=\"https:\/\/clinicavalor.com\/en\/master\/\">certified courses with real-world internships<\/a> so you can learn everything you need. And in a prime location, right in Benalm\u00e1dena, two minutes' walk from the Arroyo de la Miel station.<\/p>\n\t\t\t<a href=\"https:\/\/clinicavalor.com\/en\/quienes-somos-clinica-valor-benalmadena\/\"  target=\"_self\">\n\t\t\t\t\t\t\tSee more about Cl\u00ednica Valor\n\t\t\t\t\t<\/a>\n<h2>\n\t\t\tNon-surgical aesthetic treatments at Cl\u00ednica Valor\t<\/h2>\n<h4>\n\t\t\tNeuromoduladores\t<\/h4>\n<h4>\n\t\t\tTension threads\t<\/h4>\n<h4>\n\t\t\tHyaluronic acid\t<\/h4>\n\t\t\t<a href=\"https:\/\/clinicavalor.com\/en\/medical\/\"  target=\"_self\">\n\t\t\t\t\t\t\tSee all non-surgical aesthetic treatments\n\t\t\t\t\t<\/a>\n<h2>\n\t\t\tDermapen Courses in Benalm\u00e1dena and other training\t<\/h2>\n<h2>\n\t\t<a href=\"https:\/\/clinicavalor.com\/en\/master\/\" title=\"Master&#039;s\"  target=\"_self\">\n\t\t\tMaster's\t\t<\/a>\n\t<\/h2>\n<h2>\n\t\t<a href=\"https:\/\/clinicavalor.com\/en\/talleres\/\" title=\"Workshops\"  target=\"_self\">\n\t\t\tWorkshops\t\t<\/a>\n\t<\/h2>\n<h2>\n\t\t<a href=\"https:\/\/clinicavalor.com\/en\/cursos\/\" title=\"Courses\"  target=\"_self\">\n\t\t\tCourses\t\t<\/a>\n\t<\/h2>","protected":false},"excerpt":{"rendered":"<p>Cl\u00ednica Valor Belleza natural con precisi\u00f3n m\u00e9dica AGENDA UNA CITA GRATUITA Cl\u00ednica Est\u00e9tica Promociones de mayo FULL FACE PREMIUM Rejuvenecimiento [&hellip;]<\/p>\n","protected":false},"author":4,"featured_media":0,"parent":0,"menu_order":0,"comment_status":"closed","ping_status":"closed","template":"","meta":{"site-sidebar-layout":"default","site-content-layout":"","ast-site-content-layout":"full-width-container","site-content-style":"unboxed","site-sidebar-style":"default","ast-global-header-display":"","ast-banner-title-visibility":"disabled","ast-main-header-display":"","ast-hfb-above-header-display":"","ast-hfb-below-header-display":"","ast-hfb-mobile-header-display":"","site-post-title":"","ast-breadcrumbs-content":"","ast-featured-img":"","footer-sml-layout":"","theme-transparent-header-meta":"","adv-header-id-meta":"","stick-header-meta":"","header-above-stick-meta":"","header-main-stick-meta":"","header-below-stick-meta":"","astra-migrate-meta-layouts":"default","ast-page-background-enabled":"default","ast-page-background-meta":{"desktop":{"background-color":"var(--ast-global-color-5)","background-image":"","background-repeat":"repeat","background-position":"center center","background-size":"auto","background-attachment":"scroll","background-type":"","background-media":"","overlay-type":"","overlay-color":"","overlay-opacity":"","overlay-gradient":""},"tablet":{"background-color":"","background-image":"","background-repeat":"repeat","background-position":"center center","background-size":"auto","background-attachment":"scroll","background-type":"","background-media":"","overlay-type":"","overlay-color":"","overlay-opacity":"","overlay-gradient":""},"mobile":{"background-color":"","background-image":"","background-repeat":"repeat","background-position":"center center","background-size":"auto","background-attachment":"scroll","background-type":"","background-media":"","overlay-type":"","overlay-color":"","overlay-opacity":"","overlay-gradient":""}},"ast-content-background-meta":{"desktop":{"background-color":"var(--ast-global-color-4)","background-image":"","background-repeat":"repeat","background-position":"center center","background-size":"auto","background-attachment":"scroll","background-type":"","background-media":"","overlay-type":"","overlay-color":"","overlay-opacity":"","overlay-gradient":""},"tablet":{"background-color":"var(--ast-global-color-4)","background-image":"","background-repeat":"repeat","background-position":"center center","background-size":"auto","background-attachment":"scroll","background-type":"","background-media":"","overlay-type":"","overlay-color":"","overlay-opacity":"","overlay-gradient":""},"mobile":{"background-color":"var(--ast-global-color-4)","background-image":"","background-repeat":"repeat","background-position":"center center","background-size":"auto","background-attachment":"scroll","background-type":"","background-media":"","overlay-type":"","overlay-color":"","overlay-opacity":"","overlay-gradient":""}},"footnotes":""},"class_list":["post-511","page","type-page","status-publish","hentry"],"yoast_head":"<!-- This site is optimized with the Yoast SEO plugin v27.4 - https:\/\/yoast.com\/product\/yoast-seo-wordpress\/ -->\n<title>Inicio -<\/title>\n<meta name=\"description\" content=\"En Cl\u00ednica Valor ofrecemos formaci\u00f3n y estt\u00e9tica en Benalm\u00e1dena. Tratamientos como b\u00f3tox, dermapen, hilos tensores, cirug\u00eda y m\u00e1s.\" \/>\n<meta name=\"robots\" content=\"index, follow, max-snippet:-1, max-image-preview:large, max-video-preview:-1\" \/>\n<link rel=\"canonical\" href=\"https:\/\/clinicavalor.com\/en\/\" \/>\n<meta property=\"og:locale\" content=\"en_US\" \/>\n<meta property=\"og:type\" content=\"article\" \/>\n<meta property=\"og:title\" content=\"Inicio -\" \/>\n<meta property=\"og:description\" content=\"En Cl\u00ednica Valor ofrecemos formaci\u00f3n y estt\u00e9tica en Benalm\u00e1dena. Tratamientos como b\u00f3tox, dermapen, hilos tensores, cirug\u00eda y m\u00e1s.\" \/>\n<meta property=\"og:url\" content=\"https:\/\/clinicavalor.com\/en\/\" \/>\n<meta property=\"article:modified_time\" content=\"2026-05-10T18:42:10+00:00\" \/>\n<meta property=\"og:image\" content=\"https:\/\/clinicavalor.com\/wp-content\/uploads\/2026\/05\/promocion-full-face-mayo-2026.jpg\" \/>\n<meta name=\"twitter:card\" content=\"summary_large_image\" \/>\n<meta name=\"twitter:label1\" content=\"Est. reading time\" \/>\n\t<meta name=\"twitter:data1\" content=\"4 minutes\" \/>\n<script type=\"application\/ld+json\" class=\"yoast-schema-graph\">{\"@context\":\"https:\\\/\\\/schema.org\",\"@graph\":[{\"@type\":\"WebPage\",\"@id\":\"https:\\\/\\\/clinicavalor.com\\\/\",\"url\":\"https:\\\/\\\/clinicavalor.com\\\/\",\"name\":\"Inicio -\",\"isPartOf\":{\"@id\":\"https:\\\/\\\/clinicavalor.com\\\/#website\"},\"primaryImageOfPage\":{\"@id\":\"https:\\\/\\\/clinicavalor.com\\\/#primaryimage\"},\"image\":{\"@id\":\"https:\\\/\\\/clinicavalor.com\\\/#primaryimage\"},\"thumbnailUrl\":\"https:\\\/\\\/clinicavalor.com\\\/wp-content\\\/uploads\\\/2026\\\/05\\\/promocion-full-face-mayo-2026.jpg\",\"datePublished\":\"2025-09-13T18:18:40+00:00\",\"dateModified\":\"2026-05-10T18:42:10+00:00\",\"description\":\"En Cl\u00ednica Valor ofrecemos formaci\u00f3n y estt\u00e9tica en Benalm\u00e1dena. Tratamientos como b\u00f3tox, dermapen, hilos tensores, cirug\u00eda y m\u00e1s.\",\"breadcrumb\":{\"@id\":\"https:\\\/\\\/clinicavalor.com\\\/#breadcrumb\"},\"inLanguage\":\"en-US\",\"potentialAction\":[{\"@type\":\"ReadAction\",\"target\":[\"https:\\\/\\\/clinicavalor.com\\\/\"]}]},{\"@type\":\"ImageObject\",\"inLanguage\":\"en-US\",\"@id\":\"https:\\\/\\\/clinicavalor.com\\\/#primaryimage\",\"url\":\"https:\\\/\\\/clinicavalor.com\\\/wp-content\\\/uploads\\\/2026\\\/05\\\/promocion-full-face-mayo-2026.jpg\",\"contentUrl\":\"https:\\\/\\\/clinicavalor.com\\\/wp-content\\\/uploads\\\/2026\\\/05\\\/promocion-full-face-mayo-2026.jpg\"},{\"@type\":\"BreadcrumbList\",\"@id\":\"https:\\\/\\\/clinicavalor.com\\\/#breadcrumb\",\"itemListElement\":[{\"@type\":\"ListItem\",\"position\":1,\"name\":\"Home\",\"item\":\"https:\\\/\\\/clinicavalor.com\\\/\"},{\"@type\":\"ListItem\",\"position\":2,\"name\":\"Inicio\"}]},{\"@type\":\"WebSite\",\"@id\":\"https:\\\/\\\/clinicavalor.com\\\/#website\",\"url\":\"https:\\\/\\\/clinicavalor.com\\\/\",\"name\":\"\",\"description\":\"specialistas en tratamientos est\u00e9ticos avanzados como Dermapen, toxina botul\u00ednica y PRP. Formaci\u00f3n exclusiva con m\u00e1steres en Dermapen y cursos de est\u00e9tica en Benalm\u00e1dena.\",\"publisher\":{\"@id\":\"https:\\\/\\\/clinicavalor.com\\\/#organization\"},\"potentialAction\":[{\"@type\":\"SearchAction\",\"target\":{\"@type\":\"EntryPoint\",\"urlTemplate\":\"https:\\\/\\\/clinicavalor.com\\\/?s={search_term_string}\"},\"query-input\":{\"@type\":\"PropertyValueSpecification\",\"valueRequired\":true,\"valueName\":\"search_term_string\"}}],\"inLanguage\":\"en-US\"},{\"@type\":\"Organization\",\"@id\":\"https:\\\/\\\/clinicavalor.com\\\/#organization\",\"name\":\"\",\"url\":\"https:\\\/\\\/clinicavalor.com\\\/\",\"logo\":{\"@type\":\"ImageObject\",\"inLanguage\":\"en-US\",\"@id\":\"https:\\\/\\\/clinicavalor.com\\\/#\\\/schema\\\/logo\\\/image\\\/\",\"url\":\"https:\\\/\\\/clinicavalor.com\\\/wp-content\\\/uploads\\\/2023\\\/10\\\/cropped-cropped-Diseno-sin-titulo-16-3.png\",\"contentUrl\":\"https:\\\/\\\/clinicavalor.com\\\/wp-content\\\/uploads\\\/2023\\\/10\\\/cropped-cropped-Diseno-sin-titulo-16-3.png\",\"width\":172,\"height\":241,\"caption\":\" \"},\"image\":{\"@id\":\"https:\\\/\\\/clinicavalor.com\\\/#\\\/schema\\\/logo\\\/image\\\/\"}}]}<\/script>\n<!-- \/ Yoast SEO plugin. -->","yoast_head_json":{"title":"Inicio -","description":"En Cl\u00ednica Valor ofrecemos formaci\u00f3n y estt\u00e9tica en Benalm\u00e1dena. Tratamientos como b\u00f3tox, dermapen, hilos tensores, cirug\u00eda y m\u00e1s.","robots":{"index":"index","follow":"follow","max-snippet":"max-snippet:-1","max-image-preview":"max-image-preview:large","max-video-preview":"max-video-preview:-1"},"canonical":"https:\/\/clinicavalor.com\/en\/","og_locale":"en_US","og_type":"article","og_title":"Inicio -","og_description":"En Cl\u00ednica Valor ofrecemos formaci\u00f3n y estt\u00e9tica en Benalm\u00e1dena. Tratamientos como b\u00f3tox, dermapen, hilos tensores, cirug\u00eda y m\u00e1s.","og_url":"https:\/\/clinicavalor.com\/en\/","article_modified_time":"2026-05-10T18:42:10+00:00","og_image":[{"url":"https:\/\/clinicavalor.com\/wp-content\/uploads\/2026\/05\/promocion-full-face-mayo-2026.jpg","type":"","width":"","height":""}],"twitter_card":"summary_large_image","twitter_misc":{"Est. reading time":"4 minutes"},"schema":{"@context":"https:\/\/schema.org","@graph":[{"@type":"WebPage","@id":"https:\/\/clinicavalor.com\/","url":"https:\/\/clinicavalor.com\/","name":"Inicio -","isPartOf":{"@id":"https:\/\/clinicavalor.com\/#website"},"primaryImageOfPage":{"@id":"https:\/\/clinicavalor.com\/#primaryimage"},"image":{"@id":"https:\/\/clinicavalor.com\/#primaryimage"},"thumbnailUrl":"https:\/\/clinicavalor.com\/wp-content\/uploads\/2026\/05\/promocion-full-face-mayo-2026.jpg","datePublished":"2025-09-13T18:18:40+00:00","dateModified":"2026-05-10T18:42:10+00:00","description":"En Cl\u00ednica Valor ofrecemos formaci\u00f3n y estt\u00e9tica en Benalm\u00e1dena. Tratamientos como b\u00f3tox, dermapen, hilos tensores, cirug\u00eda y m\u00e1s.","breadcrumb":{"@id":"https:\/\/clinicavalor.com\/#breadcrumb"},"inLanguage":"en-US","potentialAction":[{"@type":"ReadAction","target":["https:\/\/clinicavalor.com\/"]}]},{"@type":"ImageObject","inLanguage":"en-US","@id":"https:\/\/clinicavalor.com\/#primaryimage","url":"https:\/\/clinicavalor.com\/wp-content\/uploads\/2026\/05\/promocion-full-face-mayo-2026.jpg","contentUrl":"https:\/\/clinicavalor.com\/wp-content\/uploads\/2026\/05\/promocion-full-face-mayo-2026.jpg"},{"@type":"BreadcrumbList","@id":"https:\/\/clinicavalor.com\/#breadcrumb","itemListElement":[{"@type":"ListItem","position":1,"name":"Home","item":"https:\/\/clinicavalor.com\/"},{"@type":"ListItem","position":2,"name":"Inicio"}]},{"@type":"WebSite","@id":"https:\/\/clinicavalor.com\/#website","url":"https:\/\/clinicavalor.com\/","name":"","description":"specialistas en tratamientos est\u00e9ticos avanzados como Dermapen, toxina botul\u00ednica y PRP. Formaci\u00f3n exclusiva con m\u00e1steres en Dermapen y cursos de est\u00e9tica en Benalm\u00e1dena.","publisher":{"@id":"https:\/\/clinicavalor.com\/#organization"},"potentialAction":[{"@type":"SearchAction","target":{"@type":"EntryPoint","urlTemplate":"https:\/\/clinicavalor.com\/?s={search_term_string}"},"query-input":{"@type":"PropertyValueSpecification","valueRequired":true,"valueName":"search_term_string"}}],"inLanguage":"en-US"},{"@type":"Organization","@id":"https:\/\/clinicavalor.com\/#organization","name":"","url":"https:\/\/clinicavalor.com\/","logo":{"@type":"ImageObject","inLanguage":"en-US","@id":"https:\/\/clinicavalor.com\/#\/schema\/logo\/image\/","url":"https:\/\/clinicavalor.com\/wp-content\/uploads\/2023\/10\/cropped-cropped-Diseno-sin-titulo-16-3.png","contentUrl":"https:\/\/clinicavalor.com\/wp-content\/uploads\/2023\/10\/cropped-cropped-Diseno-sin-titulo-16-3.png","width":172,"height":241,"caption":" "},"image":{"@id":"https:\/\/clinicavalor.com\/#\/schema\/logo\/image\/"}}]}},"_links":{"self":[{"href":"https:\/\/clinicavalor.com\/en\/wp-json\/wp\/v2\/pages\/511","targetHints":{"allow":["GET"]}}],"collection":[{"href":"https:\/\/clinicavalor.com\/en\/wp-json\/wp\/v2\/pages"}],"about":[{"href":"https:\/\/clinicavalor.com\/en\/wp-json\/wp\/v2\/types\/page"}],"author":[{"embeddable":true,"href":"https:\/\/clinicavalor.com\/en\/wp-json\/wp\/v2\/users\/4"}],"replies":[{"embeddable":true,"href":"https:\/\/clinicavalor.com\/en\/wp-json\/wp\/v2\/comments?post=511"}],"version-history":[{"count":58,"href":"https:\/\/clinicavalor.com\/en\/wp-json\/wp\/v2\/pages\/511\/revisions"}],"predecessor-version":[{"id":679,"href":"https:\/\/clinicavalor.com\/en\/wp-json\/wp\/v2\/pages\/511\/revisions\/679"}],"wp:attachment":[{"href":"https:\/\/clinicavalor.com\/en\/wp-json\/wp\/v2\/media?parent=511"}],"curies":[{"name":"wp","href":"https:\/\/api.w.org\/{rel}","templated":true}]}}