{"id":303,"date":"2023-10-24T18:24:12","date_gmt":"2023-10-24T16:24:12","guid":{"rendered":"https:\/\/clinicavalor.com\/?page_id=303"},"modified":"2023-10-24T18:53:56","modified_gmt":"2023-10-24T16:53:56","slug":"talleres","status":"publish","type":"page","link":"https:\/\/clinicavalor.com\/en\/talleres\/","title":{"rendered":"Workshops"},"content":{"rendered":"<h5>\n\t\tTALLER DE MADEROTERAPIA\n\t<\/h5>\n<h5>\n\t\tSin Kit: 650\u20ac\n\t<\/h5>\n<h5>\n\t\tCon Kit: 1000\u20ac\n\t<\/h5>\n\t<p>\u00bfQuieres ofrecer una nueva t\u00e9cnica en tu centro? Nosotros te ofrecemos los mejores Cursos de MADEROTERAPIA donde aprender\u00e1s las mejores t\u00e9cnicas corporales y faciales.<\/p>\n<p>Durante la formaci\u00f3n se trabajar\u00e1 con los kits corporales y faciales que vendr\u00e1n incluidos con el pago del curso. Estos utensilios ser\u00e1n de ayuda a lo largo de tu formaci\u00f3n para poner en pr\u00e1ctica los conocimientos aprendidos.<\/p>\n<ul>\n<li><strong>Maderoterapia corporal.<\/strong><\/li>\n<li><strong>Maderoterapia anticelul\u00edtica.<\/strong><\/li>\n<li><strong>Maderoterapia facial.<\/strong><\/li>\n<li><strong>Drenaje linf\u00e1tico<\/strong><\/li>\n<li><strong>Certificado acreditativo<\/strong><\/li>\n<li><strong>Duraci\u00f3n: 8 horas.<\/strong><\/li>\n<\/ul>\n\t<hr \/>\n<p>&nbsp;<\/p>\n<h5>\n\t\tTALLER PLASMA PEN\n\t<\/h5>\n<h5>\n\t\tPrice: \u20ac650\n\t<\/h5>\n\t<p>APRENDE LA NUEVA T\u00c9CNICA PLASMA PEN, EL NUEVO LIFTING SIN CIRUG\u00cdA.<\/p>\n<p>EN ESTE CURSO APRENDER\u00c1S:<\/p>\n<p>El plasma permite realizar procedimientos m\u00e9dico-est\u00e9ticos de una manera poco invasiva, fiable, segura, f\u00e1cil de realizar y con un m\u00ednimo de riesgo, para el paciente.<\/p>\n<p>Es una alternativa est\u00e9tica rejuvenecedora que complementa y en ocasiones sustituye a la cirug\u00eda tradicional.<\/p>\n<p>Con este dispositivo se crea un efecto de estiramiento de la piel y que ayuda a que esta restaure su elasticidad natural.<\/p>\n<p>Tratamientos que podemos realizar:<\/p>\n<ul>\n<li><strong>Befleroplastia no quir\u00fargica.<\/strong><\/li>\n<li><strong>Arrugas peribucales y orbitales.<\/strong><\/li>\n<li><strong>Manchas.<\/strong><\/li>\n<li><strong>Eliminar corcordones (verrugas).<\/strong><\/li>\n<li><strong>Eliminar miliums y xantelasma.<\/strong><\/li>\n<li><strong>Lifting corporal y facial.<\/strong><\/li>\n<li><strong>Consentimiento informado.<\/strong><\/li>\n<\/ul>\n\t<hr \/>\n<p>&nbsp;<\/p>\n<h5>\n\t\tCLASES PERSONALIZADAS\n\t<\/h5>\n<h5>\n\t\tPrecio: 480\u20ac\n\t<\/h5>\n\t<p>Si necesitas perfeccionarte, ampliar conocimientos, pr\u00e1cticas.<\/p>\n<p>Nosotros te perfeccionamos.<\/p>\n<ul>\n<li><strong>Duraci\u00f3n: 4 horas<\/strong><\/li>\n<li><strong>Incluye material<\/strong><\/li>\n<li><strong>Pr\u00e1cticas reales (TRAER MODELOS)<\/strong><\/li>\n<li><strong>HYALURON PEN LABIOS Y CORPORAL<\/strong><\/li>\n<li><strong>MADEROTERAPIA<\/strong><\/li>\n<li><strong>PESTA\u00d1AS PELO A PELO<\/strong><\/li>\n<li><strong>VOLUMEN RUSO<\/strong><\/li>\n<li><strong>MICROPIGMENTACI\u00d3N<\/strong><\/li>\n<li><strong>MICROBLADING<\/strong><\/li>\n<\/ul>\n\t\t\t\t<img decoding=\"async\" src=\"http:\/\/clinicavalor.com\/wp-content\/uploads\/2023\/10\/teaserbox_2469623336.png\" alt=\"teaserbox_2469623336\" itemprop=\"image\" title=\"teaserbox_2469623336\" onerror=\"this.style.display='none'\"  \/>\n\t\t\t\t<img decoding=\"async\" src=\"http:\/\/clinicavalor.com\/wp-content\/uploads\/2023\/10\/PhotoRoom-20230715-204016-150x150.jpg\" alt=\"PhotoRoom-20230715-204016\" itemprop=\"image\" title=\"PhotoRoom-20230715-204016\" onerror=\"this.style.display='none'\"  \/>\n\t\t\t\t<img decoding=\"async\" src=\"http:\/\/clinicavalor.com\/wp-content\/uploads\/2023\/10\/images-150x150.jpg\" alt=\"images\" itemprop=\"image\" title=\"images\" onerror=\"this.style.display='none'\"  \/>","protected":false},"excerpt":{"rendered":"<p>TALLER DE MADEROTERAPIA Sin Kit: 650\u20ac Con Kit: 1000\u20ac \u00bfQuieres ofrecer una nueva t\u00e9cnica en tu centro? Nosotros te ofrecemos [&hellip;]<\/p>\n","protected":false},"author":1,"featured_media":0,"parent":0,"menu_order":0,"comment_status":"closed","ping_status":"closed","template":"","meta":{"site-sidebar-layout":"default","site-content-layout":"","ast-site-content-layout":"default","site-content-style":"default","site-sidebar-style":"default","ast-global-header-display":"","ast-banner-title-visibility":"","ast-main-header-display":"","ast-hfb-above-header-display":"","ast-hfb-below-header-display":"","ast-hfb-mobile-header-display":"","site-post-title":"","ast-breadcrumbs-content":"","ast-featured-img":"","footer-sml-layout":"","theme-transparent-header-meta":"","adv-header-id-meta":"","stick-header-meta":"","header-above-stick-meta":"","header-main-stick-meta":"","header-below-stick-meta":"","astra-migrate-meta-layouts":"default","ast-page-background-enabled":"default","ast-page-background-meta":{"desktop":{"background-color":"var(--ast-global-color-5)","background-image":"","background-repeat":"repeat","background-position":"center center","background-size":"auto","background-attachment":"scroll","background-type":"","background-media":"","overlay-type":"","overlay-color":"","overlay-opacity":"","overlay-gradient":""},"tablet":{"background-color":"","background-image":"","background-repeat":"repeat","background-position":"center center","background-size":"auto","background-attachment":"scroll","background-type":"","background-media":"","overlay-type":"","overlay-color":"","overlay-opacity":"","overlay-gradient":""},"mobile":{"background-color":"","background-image":"","background-repeat":"repeat","background-position":"center center","background-size":"auto","background-attachment":"scroll","background-type":"","background-media":"","overlay-type":"","overlay-color":"","overlay-opacity":"","overlay-gradient":""}},"ast-content-background-meta":{"desktop":{"background-color":"var(--ast-global-color-4)","background-image":"","background-repeat":"repeat","background-position":"center center","background-size":"auto","background-attachment":"scroll","background-type":"","background-media":"","overlay-type":"","overlay-color":"","overlay-opacity":"","overlay-gradient":""},"tablet":{"background-color":"var(--ast-global-color-4)","background-image":"","background-repeat":"repeat","background-position":"center center","background-size":"auto","background-attachment":"scroll","background-type":"","background-media":"","overlay-type":"","overlay-color":"","overlay-opacity":"","overlay-gradient":""},"mobile":{"background-color":"var(--ast-global-color-4)","background-image":"","background-repeat":"repeat","background-position":"center center","background-size":"auto","background-attachment":"scroll","background-type":"","background-media":"","overlay-type":"","overlay-color":"","overlay-opacity":"","overlay-gradient":""}},"footnotes":""},"class_list":["post-303","page","type-page","status-publish","hentry"],"yoast_head":"<!-- This site is optimized with the Yoast SEO plugin v27.4 - https:\/\/yoast.com\/product\/yoast-seo-wordpress\/ -->\n<title>Talleres -<\/title>\n<meta name=\"robots\" content=\"index, follow, max-snippet:-1, max-image-preview:large, max-video-preview:-1\" \/>\n<link rel=\"canonical\" href=\"https:\/\/clinicavalor.com\/en\/talleres\/\" \/>\n<meta property=\"og:locale\" content=\"en_US\" \/>\n<meta property=\"og:type\" content=\"article\" \/>\n<meta property=\"og:title\" content=\"Talleres -\" \/>\n<meta property=\"og:description\" content=\"TALLER DE MADEROTERAPIA Sin Kit: 650\u20ac Con Kit: 1000\u20ac \u00bfQuieres ofrecer una nueva t\u00e9cnica en tu centro? Nosotros te ofrecemos [&hellip;]\" \/>\n<meta property=\"og:url\" content=\"https:\/\/clinicavalor.com\/en\/talleres\/\" \/>\n<meta property=\"article:modified_time\" content=\"2023-10-24T16:53:56+00:00\" \/>\n<meta property=\"og:image\" content=\"http:\/\/clinicavalor.com\/wp-content\/uploads\/2023\/10\/teaserbox_2469623336.png\" \/>\n<meta name=\"twitter:card\" content=\"summary_large_image\" \/>\n<meta name=\"twitter:label1\" content=\"Est. reading time\" \/>\n\t<meta name=\"twitter:data1\" content=\"1 minute\" \/>\n<script type=\"application\/ld+json\" class=\"yoast-schema-graph\">{\"@context\":\"https:\\\/\\\/schema.org\",\"@graph\":[{\"@type\":\"WebPage\",\"@id\":\"https:\\\/\\\/clinicavalor.com\\\/talleres\\\/\",\"url\":\"https:\\\/\\\/clinicavalor.com\\\/talleres\\\/\",\"name\":\"Talleres -\",\"isPartOf\":{\"@id\":\"https:\\\/\\\/clinicavalor.com\\\/#website\"},\"primaryImageOfPage\":{\"@id\":\"https:\\\/\\\/clinicavalor.com\\\/talleres\\\/#primaryimage\"},\"image\":{\"@id\":\"https:\\\/\\\/clinicavalor.com\\\/talleres\\\/#primaryimage\"},\"thumbnailUrl\":\"http:\\\/\\\/clinicavalor.com\\\/wp-content\\\/uploads\\\/2023\\\/10\\\/teaserbox_2469623336.png\",\"datePublished\":\"2023-10-24T16:24:12+00:00\",\"dateModified\":\"2023-10-24T16:53:56+00:00\",\"breadcrumb\":{\"@id\":\"https:\\\/\\\/clinicavalor.com\\\/talleres\\\/#breadcrumb\"},\"inLanguage\":\"en-US\",\"potentialAction\":[{\"@type\":\"ReadAction\",\"target\":[\"https:\\\/\\\/clinicavalor.com\\\/talleres\\\/\"]}]},{\"@type\":\"ImageObject\",\"inLanguage\":\"en-US\",\"@id\":\"https:\\\/\\\/clinicavalor.com\\\/talleres\\\/#primaryimage\",\"url\":\"http:\\\/\\\/clinicavalor.com\\\/wp-content\\\/uploads\\\/2023\\\/10\\\/teaserbox_2469623336.png\",\"contentUrl\":\"http:\\\/\\\/clinicavalor.com\\\/wp-content\\\/uploads\\\/2023\\\/10\\\/teaserbox_2469623336.png\"},{\"@type\":\"BreadcrumbList\",\"@id\":\"https:\\\/\\\/clinicavalor.com\\\/talleres\\\/#breadcrumb\",\"itemListElement\":[{\"@type\":\"ListItem\",\"position\":1,\"name\":\"Home\",\"item\":\"https:\\\/\\\/clinicavalor.com\\\/\"},{\"@type\":\"ListItem\",\"position\":2,\"name\":\"Talleres\"}]},{\"@type\":\"WebSite\",\"@id\":\"https:\\\/\\\/clinicavalor.com\\\/#website\",\"url\":\"https:\\\/\\\/clinicavalor.com\\\/\",\"name\":\"\",\"description\":\"specialistas en tratamientos est\u00e9ticos avanzados como Dermapen, toxina botul\u00ednica y PRP. Formaci\u00f3n exclusiva con m\u00e1steres en Dermapen y cursos de est\u00e9tica en Benalm\u00e1dena.\",\"publisher\":{\"@id\":\"https:\\\/\\\/clinicavalor.com\\\/#organization\"},\"potentialAction\":[{\"@type\":\"SearchAction\",\"target\":{\"@type\":\"EntryPoint\",\"urlTemplate\":\"https:\\\/\\\/clinicavalor.com\\\/?s={search_term_string}\"},\"query-input\":{\"@type\":\"PropertyValueSpecification\",\"valueRequired\":true,\"valueName\":\"search_term_string\"}}],\"inLanguage\":\"en-US\"},{\"@type\":\"Organization\",\"@id\":\"https:\\\/\\\/clinicavalor.com\\\/#organization\",\"name\":\"\",\"url\":\"https:\\\/\\\/clinicavalor.com\\\/\",\"logo\":{\"@type\":\"ImageObject\",\"inLanguage\":\"en-US\",\"@id\":\"https:\\\/\\\/clinicavalor.com\\\/#\\\/schema\\\/logo\\\/image\\\/\",\"url\":\"https:\\\/\\\/clinicavalor.com\\\/wp-content\\\/uploads\\\/2023\\\/10\\\/cropped-cropped-Diseno-sin-titulo-16-3.png\",\"contentUrl\":\"https:\\\/\\\/clinicavalor.com\\\/wp-content\\\/uploads\\\/2023\\\/10\\\/cropped-cropped-Diseno-sin-titulo-16-3.png\",\"width\":172,\"height\":241,\"caption\":\" \"},\"image\":{\"@id\":\"https:\\\/\\\/clinicavalor.com\\\/#\\\/schema\\\/logo\\\/image\\\/\"}}]}<\/script>\n<!-- \/ Yoast SEO plugin. -->","yoast_head_json":{"title":"Talleres -","robots":{"index":"index","follow":"follow","max-snippet":"max-snippet:-1","max-image-preview":"max-image-preview:large","max-video-preview":"max-video-preview:-1"},"canonical":"https:\/\/clinicavalor.com\/en\/talleres\/","og_locale":"en_US","og_type":"article","og_title":"Talleres -","og_description":"TALLER DE MADEROTERAPIA Sin Kit: 650\u20ac Con Kit: 1000\u20ac \u00bfQuieres ofrecer una nueva t\u00e9cnica en tu centro? Nosotros te ofrecemos [&hellip;]","og_url":"https:\/\/clinicavalor.com\/en\/talleres\/","article_modified_time":"2023-10-24T16:53:56+00:00","og_image":[{"url":"http:\/\/clinicavalor.com\/wp-content\/uploads\/2023\/10\/teaserbox_2469623336.png","type":"","width":"","height":""}],"twitter_card":"summary_large_image","twitter_misc":{"Est. reading time":"1 minute"},"schema":{"@context":"https:\/\/schema.org","@graph":[{"@type":"WebPage","@id":"https:\/\/clinicavalor.com\/talleres\/","url":"https:\/\/clinicavalor.com\/talleres\/","name":"Talleres -","isPartOf":{"@id":"https:\/\/clinicavalor.com\/#website"},"primaryImageOfPage":{"@id":"https:\/\/clinicavalor.com\/talleres\/#primaryimage"},"image":{"@id":"https:\/\/clinicavalor.com\/talleres\/#primaryimage"},"thumbnailUrl":"http:\/\/clinicavalor.com\/wp-content\/uploads\/2023\/10\/teaserbox_2469623336.png","datePublished":"2023-10-24T16:24:12+00:00","dateModified":"2023-10-24T16:53:56+00:00","breadcrumb":{"@id":"https:\/\/clinicavalor.com\/talleres\/#breadcrumb"},"inLanguage":"en-US","potentialAction":[{"@type":"ReadAction","target":["https:\/\/clinicavalor.com\/talleres\/"]}]},{"@type":"ImageObject","inLanguage":"en-US","@id":"https:\/\/clinicavalor.com\/talleres\/#primaryimage","url":"http:\/\/clinicavalor.com\/wp-content\/uploads\/2023\/10\/teaserbox_2469623336.png","contentUrl":"http:\/\/clinicavalor.com\/wp-content\/uploads\/2023\/10\/teaserbox_2469623336.png"},{"@type":"BreadcrumbList","@id":"https:\/\/clinicavalor.com\/talleres\/#breadcrumb","itemListElement":[{"@type":"ListItem","position":1,"name":"Home","item":"https:\/\/clinicavalor.com\/"},{"@type":"ListItem","position":2,"name":"Talleres"}]},{"@type":"WebSite","@id":"https:\/\/clinicavalor.com\/#website","url":"https:\/\/clinicavalor.com\/","name":"","description":"specialistas en tratamientos est\u00e9ticos avanzados como Dermapen, toxina botul\u00ednica y PRP. Formaci\u00f3n exclusiva con m\u00e1steres en Dermapen y cursos de est\u00e9tica en Benalm\u00e1dena.","publisher":{"@id":"https:\/\/clinicavalor.com\/#organization"},"potentialAction":[{"@type":"SearchAction","target":{"@type":"EntryPoint","urlTemplate":"https:\/\/clinicavalor.com\/?s={search_term_string}"},"query-input":{"@type":"PropertyValueSpecification","valueRequired":true,"valueName":"search_term_string"}}],"inLanguage":"en-US"},{"@type":"Organization","@id":"https:\/\/clinicavalor.com\/#organization","name":"","url":"https:\/\/clinicavalor.com\/","logo":{"@type":"ImageObject","inLanguage":"en-US","@id":"https:\/\/clinicavalor.com\/#\/schema\/logo\/image\/","url":"https:\/\/clinicavalor.com\/wp-content\/uploads\/2023\/10\/cropped-cropped-Diseno-sin-titulo-16-3.png","contentUrl":"https:\/\/clinicavalor.com\/wp-content\/uploads\/2023\/10\/cropped-cropped-Diseno-sin-titulo-16-3.png","width":172,"height":241,"caption":" "},"image":{"@id":"https:\/\/clinicavalor.com\/#\/schema\/logo\/image\/"}}]}},"_links":{"self":[{"href":"https:\/\/clinicavalor.com\/en\/wp-json\/wp\/v2\/pages\/303","targetHints":{"allow":["GET"]}}],"collection":[{"href":"https:\/\/clinicavalor.com\/en\/wp-json\/wp\/v2\/pages"}],"about":[{"href":"https:\/\/clinicavalor.com\/en\/wp-json\/wp\/v2\/types\/page"}],"author":[{"embeddable":true,"href":"https:\/\/clinicavalor.com\/en\/wp-json\/wp\/v2\/users\/1"}],"replies":[{"embeddable":true,"href":"https:\/\/clinicavalor.com\/en\/wp-json\/wp\/v2\/comments?post=303"}],"version-history":[{"count":4,"href":"https:\/\/clinicavalor.com\/en\/wp-json\/wp\/v2\/pages\/303\/revisions"}],"predecessor-version":[{"id":318,"href":"https:\/\/clinicavalor.com\/en\/wp-json\/wp\/v2\/pages\/303\/revisions\/318"}],"wp:attachment":[{"href":"https:\/\/clinicavalor.com\/en\/wp-json\/wp\/v2\/media?parent=303"}],"curies":[{"name":"wp","href":"https:\/\/api.w.org\/{rel}","templated":true}]}}