{"id":299,"date":"2023-10-24T18:03:22","date_gmt":"2023-10-24T16:03:22","guid":{"rendered":"https:\/\/clinicavalor.com\/?page_id=299"},"modified":"2026-04-21T22:36:46","modified_gmt":"2026-04-21T20:36:46","slug":"cursos","status":"publish","type":"page","link":"https:\/\/clinicavalor.com\/en\/cursos\/","title":{"rendered":"Courses"},"content":{"rendered":"<h5>\n\t\tFORMACI\u00d3N HYALURON PEN\n\t<\/h5>\n\t<ul>\n<li>\n<h6><strong>Labios: 750\u20ac\u00a0<\/strong><\/h6>\n<\/li>\n<li>\n<h6><strong>Corporal: 950\u20ac\u00a0<\/strong><\/h6>\n<\/li>\n<li>\n<h6><strong>Corporal y Labios: 1700\u20ac<\/strong><\/h6>\n<\/li>\n<\/ul>\n\t<p>El sistema revolucionario para aumento de labio presurizado Hyaluronic pen es un novedoso dispositivo que rellena labios sin tener que utilizar agujas ni pasar por quir\u00f3fanos. Totalmente indoloro y r\u00e1pido.<\/p>\n<p>Curso Presencial Kit Incluido. Certificado acreditativo Uni\u00f3n Europea<\/p>\n<ul>\n<li><strong>Classroom Course <\/strong><\/li>\n<li><strong>Kit Included. <\/strong><\/li>\n<li><strong>Accreditation certificate.<\/strong><\/li>\n<li><strong>Duraci\u00f3n: 8 horas.<\/strong><\/li>\n<\/ul>\n\t<hr \/>\n<p>&nbsp;<\/p>\n<h5>\n\t\tFORMACI\u00d3N MICROBLADING\n\t<\/h5>\n<h5>\n\t\tPrice: \u20ac650\n\t<\/h5>\n\t<p>El Microblading es un procedimiento de maquillaje semipermanente llevado a cabo por un t\u00e9cnico especialista en Microblading que consiste en realizar, a mano, peque\u00f1os cortes en la piel con una pluma especial desechable. Esta pluma consta de hojas extremadamente afiladas que se asemejan y funcionan como una cuchilla.<\/p>\n<ul>\n<li><strong>Curso Presencial \/ Kit Incluido. <\/strong><\/li>\n<li><strong>Diploma acreditativo<\/strong><\/li>\n<li><strong>Duraci\u00f3n del curso: 2 d\u00edas, s\u00e1bado y domingo.<\/strong><\/li>\n<\/ul>\n\t<hr \/>\n<p>&nbsp;<\/p>\n<h5>\n\t\tDISE\u00d1O DE CEJAS\n\t<\/h5>\n<h5>\n\t\tPrecio: 390\u20ac\n\t<\/h5>\n\t<p>Dise\u00f1o de cejas y la t\u00e9cnica de depilaci\u00f3n con hilo.<\/p>\n<p>Al final del curso se entregar\u00e1 un diploma acreditativo de la Escuela profesional SIHANA LAEL<\/p>\n<ul>\n<li><strong>Kits Completo. Dosier de medidas \u00e1ureas, dosier de depilaci\u00f3n con hilo,<\/strong><\/li>\n<li><strong>kits completos.<\/strong><\/li>\n<li><strong>Duraci\u00f3n del curso: 4 horas<\/strong><\/li>\n<\/ul>\n\t<hr \/>\n<p>&nbsp;<\/p>\n<h5>\n\t\tEXTENSIONES DE PESTA\u00d1AS PELO A PELO\n\t<\/h5>\n<h5>\n\t\tPrice: \u20ac650\n\t<\/h5>\n\t<p>Est\u00e1 dirigido a principiantes que no tienen ning\u00fan tipo de experiencia con el procedimiento de aplicaci\u00f3n de extensiones de pesta\u00f1as 1 a 1, as\u00ed como a aquellas que lo conocen, pero no consiguen dominarlo o quieren mejorarlo y adquirir nuevas t\u00e9cnicas.<\/p>\n<p>Durante el curso se adquieren los conocimientos y t\u00e9cnicas necesarias para ser una m\u00e1ster en extensiones de pesta\u00f1as 1 a 1 y se practica con una modelo real (aportada por el alumno*) con las pautas y supervisi\u00f3n continua de la formadora.<\/p>\n<ul>\n<li><strong>Kit completo. (sin pegamento, sin primer) <\/strong><\/li>\n<li><strong>Certificado acreditativo<\/strong><\/li>\n<li><strong>Si no se dispone de modelo, te facilitaremos una.<\/strong><\/li>\n<li><strong>Duraci\u00f3n del curso: 8 horas.<\/strong><\/li>\n<li><strong>Teor\u00eda y pr\u00e1ctica<\/strong><\/li>\n<\/ul>\n\t<hr \/>\n<p>&nbsp;<\/p>\n<h5>\n\t\tVOLUMEN RUSO\n\t<\/h5>\n<h5>\n\t\tPrice: \u20ac650\n\t<\/h5>\n\t<p>Durante el curso se ense\u00f1ar\u00e1n las t\u00e9cnicas de elaboraci\u00f3n manual de abanicos para la realizaci\u00f3n de tratamientos de extensiones de pesta\u00f1as volumen desde 2D hasta 6D, as\u00ed como los dise\u00f1os existentes en funci\u00f3n de la forma que deseemos dar a la mirada.<\/p>\n<ul>\n<li><strong>Kit completo<\/strong><\/li>\n<li><strong>Materiales espec\u00edficos para las extensiones de pesta\u00f1as de volumen.<\/strong><\/li>\n<li><strong>(sin pegamento, sin prime)<\/strong><\/li>\n<li><strong>2 modelos para pr\u00e1cticas, tra\u00eddas por la alumna.<\/strong><\/li>\n<li><strong>Duraci\u00f3n del curso: 8 horas.<\/strong><\/li>\n<\/ul>\n\t\t\t\t<img decoding=\"async\" src=\"http:\/\/clinicavalor.com\/wp-content\/uploads\/2023\/10\/teaserbox_2469623336.png\" alt=\"teaserbox_2469623336\" itemprop=\"image\" title=\"teaserbox_2469623336\" onerror=\"this.style.display='none'\"  \/>\n\t\t\t\t<img decoding=\"async\" src=\"http:\/\/clinicavalor.com\/wp-content\/uploads\/2023\/10\/PhotoRoom-20230715-204016-150x150.jpg\" alt=\"PhotoRoom-20230715-204016\" itemprop=\"image\" title=\"PhotoRoom-20230715-204016\" onerror=\"this.style.display='none'\"  \/>\n\t\t\t\t<img decoding=\"async\" src=\"http:\/\/clinicavalor.com\/wp-content\/uploads\/2023\/10\/images-150x150.jpg\" alt=\"images\" itemprop=\"image\" title=\"images\" onerror=\"this.style.display='none'\"  \/>","protected":false},"excerpt":{"rendered":"<p>FORMACI\u00d3N HYALURON PEN Labios: 750\u20ac\u00a0 Corporal: 950\u20ac\u00a0 Corporal y Labios: 1700\u20ac El sistema revolucionario para aumento de labio presurizado Hyaluronic [&hellip;]<\/p>\n","protected":false},"author":1,"featured_media":0,"parent":0,"menu_order":0,"comment_status":"closed","ping_status":"closed","template":"","meta":{"site-sidebar-layout":"default","site-content-layout":"","ast-site-content-layout":"default","site-content-style":"default","site-sidebar-style":"default","ast-global-header-display":"","ast-banner-title-visibility":"","ast-main-header-display":"","ast-hfb-above-header-display":"","ast-hfb-below-header-display":"","ast-hfb-mobile-header-display":"","site-post-title":"","ast-breadcrumbs-content":"","ast-featured-img":"","footer-sml-layout":"","theme-transparent-header-meta":"","adv-header-id-meta":"","stick-header-meta":"","header-above-stick-meta":"","header-main-stick-meta":"","header-below-stick-meta":"","astra-migrate-meta-layouts":"default","ast-page-background-enabled":"default","ast-page-background-meta":{"desktop":{"background-color":"var(--ast-global-color-5)","background-image":"","background-repeat":"repeat","background-position":"center center","background-size":"auto","background-attachment":"scroll","background-type":"","background-media":"","overlay-type":"","overlay-color":"","overlay-opacity":"","overlay-gradient":""},"tablet":{"background-color":"","background-image":"","background-repeat":"repeat","background-position":"center center","background-size":"auto","background-attachment":"scroll","background-type":"","background-media":"","overlay-type":"","overlay-color":"","overlay-opacity":"","overlay-gradient":""},"mobile":{"background-color":"","background-image":"","background-repeat":"repeat","background-position":"center center","background-size":"auto","background-attachment":"scroll","background-type":"","background-media":"","overlay-type":"","overlay-color":"","overlay-opacity":"","overlay-gradient":""}},"ast-content-background-meta":{"desktop":{"background-color":"var(--ast-global-color-4)","background-image":"","background-repeat":"repeat","background-position":"center center","background-size":"auto","background-attachment":"scroll","background-type":"","background-media":"","overlay-type":"","overlay-color":"","overlay-opacity":"","overlay-gradient":""},"tablet":{"background-color":"var(--ast-global-color-4)","background-image":"","background-repeat":"repeat","background-position":"center center","background-size":"auto","background-attachment":"scroll","background-type":"","background-media":"","overlay-type":"","overlay-color":"","overlay-opacity":"","overlay-gradient":""},"mobile":{"background-color":"var(--ast-global-color-4)","background-image":"","background-repeat":"repeat","background-position":"center center","background-size":"auto","background-attachment":"scroll","background-type":"","background-media":"","overlay-type":"","overlay-color":"","overlay-opacity":"","overlay-gradient":""}},"footnotes":""},"class_list":["post-299","page","type-page","status-publish","hentry"],"yoast_head":"<!-- This site is optimized with the Yoast SEO plugin v27.4 - https:\/\/yoast.com\/product\/yoast-seo-wordpress\/ -->\n<title>Cursos -<\/title>\n<meta name=\"robots\" content=\"index, follow, max-snippet:-1, max-image-preview:large, max-video-preview:-1\" \/>\n<link rel=\"canonical\" href=\"https:\/\/clinicavalor.com\/en\/cursos\/\" \/>\n<meta property=\"og:locale\" content=\"en_US\" \/>\n<meta property=\"og:type\" content=\"article\" \/>\n<meta property=\"og:title\" content=\"Cursos -\" \/>\n<meta property=\"og:description\" content=\"FORMACI\u00d3N HYALURON PEN Labios: 750\u20ac\u00a0 Corporal: 950\u20ac\u00a0 Corporal y Labios: 1700\u20ac El sistema revolucionario para aumento de labio presurizado Hyaluronic [&hellip;]\" \/>\n<meta property=\"og:url\" content=\"https:\/\/clinicavalor.com\/en\/cursos\/\" \/>\n<meta property=\"article:modified_time\" content=\"2026-04-21T20:36:46+00:00\" \/>\n<meta property=\"og:image\" content=\"http:\/\/clinicavalor.com\/wp-content\/uploads\/2023\/10\/teaserbox_2469623336.png\" \/>\n<meta name=\"twitter:card\" content=\"summary_large_image\" \/>\n<meta name=\"twitter:label1\" content=\"Est. reading time\" \/>\n\t<meta name=\"twitter:data1\" content=\"3 minutes\" \/>\n<script type=\"application\/ld+json\" class=\"yoast-schema-graph\">{\"@context\":\"https:\\\/\\\/schema.org\",\"@graph\":[{\"@type\":\"WebPage\",\"@id\":\"https:\\\/\\\/clinicavalor.com\\\/cursos\\\/\",\"url\":\"https:\\\/\\\/clinicavalor.com\\\/cursos\\\/\",\"name\":\"Cursos -\",\"isPartOf\":{\"@id\":\"https:\\\/\\\/clinicavalor.com\\\/#website\"},\"primaryImageOfPage\":{\"@id\":\"https:\\\/\\\/clinicavalor.com\\\/cursos\\\/#primaryimage\"},\"image\":{\"@id\":\"https:\\\/\\\/clinicavalor.com\\\/cursos\\\/#primaryimage\"},\"thumbnailUrl\":\"http:\\\/\\\/clinicavalor.com\\\/wp-content\\\/uploads\\\/2023\\\/10\\\/teaserbox_2469623336.png\",\"datePublished\":\"2023-10-24T16:03:22+00:00\",\"dateModified\":\"2026-04-21T20:36:46+00:00\",\"breadcrumb\":{\"@id\":\"https:\\\/\\\/clinicavalor.com\\\/cursos\\\/#breadcrumb\"},\"inLanguage\":\"en-US\",\"potentialAction\":[{\"@type\":\"ReadAction\",\"target\":[\"https:\\\/\\\/clinicavalor.com\\\/cursos\\\/\"]}]},{\"@type\":\"ImageObject\",\"inLanguage\":\"en-US\",\"@id\":\"https:\\\/\\\/clinicavalor.com\\\/cursos\\\/#primaryimage\",\"url\":\"http:\\\/\\\/clinicavalor.com\\\/wp-content\\\/uploads\\\/2023\\\/10\\\/teaserbox_2469623336.png\",\"contentUrl\":\"http:\\\/\\\/clinicavalor.com\\\/wp-content\\\/uploads\\\/2023\\\/10\\\/teaserbox_2469623336.png\"},{\"@type\":\"BreadcrumbList\",\"@id\":\"https:\\\/\\\/clinicavalor.com\\\/cursos\\\/#breadcrumb\",\"itemListElement\":[{\"@type\":\"ListItem\",\"position\":1,\"name\":\"Home\",\"item\":\"https:\\\/\\\/clinicavalor.com\\\/\"},{\"@type\":\"ListItem\",\"position\":2,\"name\":\"Cursos\"}]},{\"@type\":\"WebSite\",\"@id\":\"https:\\\/\\\/clinicavalor.com\\\/#website\",\"url\":\"https:\\\/\\\/clinicavalor.com\\\/\",\"name\":\"\",\"description\":\"specialistas en tratamientos est\u00e9ticos avanzados como Dermapen, toxina botul\u00ednica y PRP. Formaci\u00f3n exclusiva con m\u00e1steres en Dermapen y cursos de est\u00e9tica en Benalm\u00e1dena.\",\"publisher\":{\"@id\":\"https:\\\/\\\/clinicavalor.com\\\/#organization\"},\"potentialAction\":[{\"@type\":\"SearchAction\",\"target\":{\"@type\":\"EntryPoint\",\"urlTemplate\":\"https:\\\/\\\/clinicavalor.com\\\/?s={search_term_string}\"},\"query-input\":{\"@type\":\"PropertyValueSpecification\",\"valueRequired\":true,\"valueName\":\"search_term_string\"}}],\"inLanguage\":\"en-US\"},{\"@type\":\"Organization\",\"@id\":\"https:\\\/\\\/clinicavalor.com\\\/#organization\",\"name\":\"\",\"url\":\"https:\\\/\\\/clinicavalor.com\\\/\",\"logo\":{\"@type\":\"ImageObject\",\"inLanguage\":\"en-US\",\"@id\":\"https:\\\/\\\/clinicavalor.com\\\/#\\\/schema\\\/logo\\\/image\\\/\",\"url\":\"https:\\\/\\\/clinicavalor.com\\\/wp-content\\\/uploads\\\/2023\\\/10\\\/cropped-cropped-Diseno-sin-titulo-16-3.png\",\"contentUrl\":\"https:\\\/\\\/clinicavalor.com\\\/wp-content\\\/uploads\\\/2023\\\/10\\\/cropped-cropped-Diseno-sin-titulo-16-3.png\",\"width\":172,\"height\":241,\"caption\":\" \"},\"image\":{\"@id\":\"https:\\\/\\\/clinicavalor.com\\\/#\\\/schema\\\/logo\\\/image\\\/\"}}]}<\/script>\n<!-- \/ Yoast SEO plugin. -->","yoast_head_json":{"title":"Cursos -","robots":{"index":"index","follow":"follow","max-snippet":"max-snippet:-1","max-image-preview":"max-image-preview:large","max-video-preview":"max-video-preview:-1"},"canonical":"https:\/\/clinicavalor.com\/en\/cursos\/","og_locale":"en_US","og_type":"article","og_title":"Cursos -","og_description":"FORMACI\u00d3N HYALURON PEN Labios: 750\u20ac\u00a0 Corporal: 950\u20ac\u00a0 Corporal y Labios: 1700\u20ac El sistema revolucionario para aumento de labio presurizado Hyaluronic [&hellip;]","og_url":"https:\/\/clinicavalor.com\/en\/cursos\/","article_modified_time":"2026-04-21T20:36:46+00:00","og_image":[{"url":"http:\/\/clinicavalor.com\/wp-content\/uploads\/2023\/10\/teaserbox_2469623336.png","type":"","width":"","height":""}],"twitter_card":"summary_large_image","twitter_misc":{"Est. reading time":"3 minutes"},"schema":{"@context":"https:\/\/schema.org","@graph":[{"@type":"WebPage","@id":"https:\/\/clinicavalor.com\/cursos\/","url":"https:\/\/clinicavalor.com\/cursos\/","name":"Cursos -","isPartOf":{"@id":"https:\/\/clinicavalor.com\/#website"},"primaryImageOfPage":{"@id":"https:\/\/clinicavalor.com\/cursos\/#primaryimage"},"image":{"@id":"https:\/\/clinicavalor.com\/cursos\/#primaryimage"},"thumbnailUrl":"http:\/\/clinicavalor.com\/wp-content\/uploads\/2023\/10\/teaserbox_2469623336.png","datePublished":"2023-10-24T16:03:22+00:00","dateModified":"2026-04-21T20:36:46+00:00","breadcrumb":{"@id":"https:\/\/clinicavalor.com\/cursos\/#breadcrumb"},"inLanguage":"en-US","potentialAction":[{"@type":"ReadAction","target":["https:\/\/clinicavalor.com\/cursos\/"]}]},{"@type":"ImageObject","inLanguage":"en-US","@id":"https:\/\/clinicavalor.com\/cursos\/#primaryimage","url":"http:\/\/clinicavalor.com\/wp-content\/uploads\/2023\/10\/teaserbox_2469623336.png","contentUrl":"http:\/\/clinicavalor.com\/wp-content\/uploads\/2023\/10\/teaserbox_2469623336.png"},{"@type":"BreadcrumbList","@id":"https:\/\/clinicavalor.com\/cursos\/#breadcrumb","itemListElement":[{"@type":"ListItem","position":1,"name":"Home","item":"https:\/\/clinicavalor.com\/"},{"@type":"ListItem","position":2,"name":"Cursos"}]},{"@type":"WebSite","@id":"https:\/\/clinicavalor.com\/#website","url":"https:\/\/clinicavalor.com\/","name":"","description":"specialistas en tratamientos est\u00e9ticos avanzados como Dermapen, toxina botul\u00ednica y PRP. Formaci\u00f3n exclusiva con m\u00e1steres en Dermapen y cursos de est\u00e9tica en Benalm\u00e1dena.","publisher":{"@id":"https:\/\/clinicavalor.com\/#organization"},"potentialAction":[{"@type":"SearchAction","target":{"@type":"EntryPoint","urlTemplate":"https:\/\/clinicavalor.com\/?s={search_term_string}"},"query-input":{"@type":"PropertyValueSpecification","valueRequired":true,"valueName":"search_term_string"}}],"inLanguage":"en-US"},{"@type":"Organization","@id":"https:\/\/clinicavalor.com\/#organization","name":"","url":"https:\/\/clinicavalor.com\/","logo":{"@type":"ImageObject","inLanguage":"en-US","@id":"https:\/\/clinicavalor.com\/#\/schema\/logo\/image\/","url":"https:\/\/clinicavalor.com\/wp-content\/uploads\/2023\/10\/cropped-cropped-Diseno-sin-titulo-16-3.png","contentUrl":"https:\/\/clinicavalor.com\/wp-content\/uploads\/2023\/10\/cropped-cropped-Diseno-sin-titulo-16-3.png","width":172,"height":241,"caption":" "},"image":{"@id":"https:\/\/clinicavalor.com\/#\/schema\/logo\/image\/"}}]}},"_links":{"self":[{"href":"https:\/\/clinicavalor.com\/en\/wp-json\/wp\/v2\/pages\/299","targetHints":{"allow":["GET"]}}],"collection":[{"href":"https:\/\/clinicavalor.com\/en\/wp-json\/wp\/v2\/pages"}],"about":[{"href":"https:\/\/clinicavalor.com\/en\/wp-json\/wp\/v2\/types\/page"}],"author":[{"embeddable":true,"href":"https:\/\/clinicavalor.com\/en\/wp-json\/wp\/v2\/users\/1"}],"replies":[{"embeddable":true,"href":"https:\/\/clinicavalor.com\/en\/wp-json\/wp\/v2\/comments?post=299"}],"version-history":[{"count":4,"href":"https:\/\/clinicavalor.com\/en\/wp-json\/wp\/v2\/pages\/299\/revisions"}],"predecessor-version":[{"id":317,"href":"https:\/\/clinicavalor.com\/en\/wp-json\/wp\/v2\/pages\/299\/revisions\/317"}],"wp:attachment":[{"href":"https:\/\/clinicavalor.com\/en\/wp-json\/wp\/v2\/media?parent=299"}],"curies":[{"name":"wp","href":"https:\/\/api.w.org\/{rel}","templated":true}]}}