{"id":182,"date":"2023-10-13T12:08:35","date_gmt":"2023-10-13T10:08:35","guid":{"rendered":"https:\/\/clinicavalor.com\/?page_id=182"},"modified":"2025-09-13T21:18:08","modified_gmt":"2025-09-13T19:18:08","slug":"contacto","status":"publish","type":"page","link":"https:\/\/clinicavalor.com\/en\/contacto\/","title":{"rendered":"Contact"},"content":{"rendered":"<p><strong>This is our contact address<\/strong><\/p>\n\t<p><\/p>\n<p><\/p>\n<h4><strong>Address:<\/strong><\/h4>\nAv. Blas Infante, 22, 29631<br \/>\nBenalm\u00e1dena, M\u00e1laga\n<h4><strong>Phone:<\/strong><\/h4>\n<p>+34 611 512 250<\/p>\n<h4><strong>Email: <\/strong><\/h4>\n<p>info@clinicavalor.com<\/p>\n<p><\/p>\n<p><\/p>\n\t<iframe src=\"https:\/\/www.google.com\/maps\/embed?pb=!1m18!1m12!1m3!1d3203.1966003403704!2d-4.538292724636294!3d36.597573779096294!2m3!1f0!2f0!3f0!3m2!1i1024!2i768!4f13.1!3m3!1m2!1s0xd72fc90b8b0ad59%3A0xc87f60ab8e19ca88!2sAv.%20Blas%20Infante%2C%2022%2C%2029631%20Benalm%C3%A1dena%2C%20M%C3%A1laga!5e0!3m2!1ses!2ses!4v1697565249360!5m2!1ses!2ses\" width=\"800\" height=\"400\" allowfullscreen=\"\" loading=\"lazy\" referrerpolicy=\"no-referrer-when-downgrade\"><\/iframe>","protected":false},"excerpt":{"rendered":"","protected":false},"author":1,"featured_media":0,"parent":0,"menu_order":0,"comment_status":"closed","ping_status":"closed","template":"","meta":{"site-sidebar-layout":"default","site-content-layout":"","ast-site-content-layout":"default","site-content-style":"default","site-sidebar-style":"default","ast-global-header-display":"","ast-banner-title-visibility":"","ast-main-header-display":"","ast-hfb-above-header-display":"","ast-hfb-below-header-display":"","ast-hfb-mobile-header-display":"","site-post-title":"","ast-breadcrumbs-content":"","ast-featured-img":"","footer-sml-layout":"","theme-transparent-header-meta":"","adv-header-id-meta":"","stick-header-meta":"","header-above-stick-meta":"","header-main-stick-meta":"","header-below-stick-meta":"","astra-migrate-meta-layouts":"default","ast-page-background-enabled":"default","ast-page-background-meta":{"desktop":{"background-color":"var(--ast-global-color-5)","background-image":"","background-repeat":"repeat","background-position":"center center","background-size":"auto","background-attachment":"scroll","background-type":"","background-media":"","overlay-type":"","overlay-color":"","overlay-opacity":"","overlay-gradient":""},"tablet":{"background-color":"","background-image":"","background-repeat":"repeat","background-position":"center center","background-size":"auto","background-attachment":"scroll","background-type":"","background-media":"","overlay-type":"","overlay-color":"","overlay-opacity":"","overlay-gradient":""},"mobile":{"background-color":"","background-image":"","background-repeat":"repeat","background-position":"center center","background-size":"auto","background-attachment":"scroll","background-type":"","background-media":"","overlay-type":"","overlay-color":"","overlay-opacity":"","overlay-gradient":""}},"ast-content-background-meta":{"desktop":{"background-color":"var(--ast-global-color-4)","background-image":"","background-repeat":"repeat","background-position":"center center","background-size":"auto","background-attachment":"scroll","background-type":"","background-media":"","overlay-type":"","overlay-color":"","overlay-opacity":"","overlay-gradient":""},"tablet":{"background-color":"var(--ast-global-color-4)","background-image":"","background-repeat":"repeat","background-position":"center center","background-size":"auto","background-attachment":"scroll","background-type":"","background-media":"","overlay-type":"","overlay-color":"","overlay-opacity":"","overlay-gradient":""},"mobile":{"background-color":"var(--ast-global-color-4)","background-image":"","background-repeat":"repeat","background-position":"center center","background-size":"auto","background-attachment":"scroll","background-type":"","background-media":"","overlay-type":"","overlay-color":"","overlay-opacity":"","overlay-gradient":""}},"footnotes":""},"class_list":["post-182","page","type-page","status-publish","hentry"],"yoast_head":"<!-- This site is optimized with the Yoast SEO plugin v27.4 - https:\/\/yoast.com\/product\/yoast-seo-wordpress\/ -->\n<title>Contacto -<\/title>\n<meta name=\"robots\" content=\"index, follow, max-snippet:-1, max-image-preview:large, max-video-preview:-1\" \/>\n<link rel=\"canonical\" href=\"https:\/\/clinicavalor.com\/en\/contacto\/\" \/>\n<meta property=\"og:locale\" content=\"en_US\" \/>\n<meta property=\"og:type\" content=\"article\" \/>\n<meta property=\"og:title\" content=\"Contacto -\" \/>\n<meta property=\"og:url\" content=\"https:\/\/clinicavalor.com\/en\/contacto\/\" \/>\n<meta property=\"article:modified_time\" content=\"2025-09-13T19:18:08+00:00\" \/>\n<meta name=\"twitter:card\" content=\"summary_large_image\" \/>\n<meta name=\"twitter:label1\" content=\"Est. reading time\" \/>\n\t<meta name=\"twitter:data1\" content=\"1 minute\" \/>\n<script type=\"application\/ld+json\" class=\"yoast-schema-graph\">{\"@context\":\"https:\\\/\\\/schema.org\",\"@graph\":[{\"@type\":\"WebPage\",\"@id\":\"https:\\\/\\\/clinicavalor.com\\\/contacto\\\/\",\"url\":\"https:\\\/\\\/clinicavalor.com\\\/contacto\\\/\",\"name\":\"Contacto -\",\"isPartOf\":{\"@id\":\"https:\\\/\\\/clinicavalor.com\\\/#website\"},\"datePublished\":\"2023-10-13T10:08:35+00:00\",\"dateModified\":\"2025-09-13T19:18:08+00:00\",\"breadcrumb\":{\"@id\":\"https:\\\/\\\/clinicavalor.com\\\/contacto\\\/#breadcrumb\"},\"inLanguage\":\"en-US\",\"potentialAction\":[{\"@type\":\"ReadAction\",\"target\":[\"https:\\\/\\\/clinicavalor.com\\\/contacto\\\/\"]}]},{\"@type\":\"BreadcrumbList\",\"@id\":\"https:\\\/\\\/clinicavalor.com\\\/contacto\\\/#breadcrumb\",\"itemListElement\":[{\"@type\":\"ListItem\",\"position\":1,\"name\":\"Home\",\"item\":\"https:\\\/\\\/clinicavalor.com\\\/\"},{\"@type\":\"ListItem\",\"position\":2,\"name\":\"Contacto\"}]},{\"@type\":\"WebSite\",\"@id\":\"https:\\\/\\\/clinicavalor.com\\\/#website\",\"url\":\"https:\\\/\\\/clinicavalor.com\\\/\",\"name\":\"\",\"description\":\"specialistas en tratamientos est\u00e9ticos avanzados como Dermapen, toxina botul\u00ednica y PRP. Formaci\u00f3n exclusiva con m\u00e1steres en Dermapen y cursos de est\u00e9tica en Benalm\u00e1dena.\",\"publisher\":{\"@id\":\"https:\\\/\\\/clinicavalor.com\\\/#organization\"},\"potentialAction\":[{\"@type\":\"SearchAction\",\"target\":{\"@type\":\"EntryPoint\",\"urlTemplate\":\"https:\\\/\\\/clinicavalor.com\\\/?s={search_term_string}\"},\"query-input\":{\"@type\":\"PropertyValueSpecification\",\"valueRequired\":true,\"valueName\":\"search_term_string\"}}],\"inLanguage\":\"en-US\"},{\"@type\":\"Organization\",\"@id\":\"https:\\\/\\\/clinicavalor.com\\\/#organization\",\"name\":\"\",\"url\":\"https:\\\/\\\/clinicavalor.com\\\/\",\"logo\":{\"@type\":\"ImageObject\",\"inLanguage\":\"en-US\",\"@id\":\"https:\\\/\\\/clinicavalor.com\\\/#\\\/schema\\\/logo\\\/image\\\/\",\"url\":\"https:\\\/\\\/clinicavalor.com\\\/wp-content\\\/uploads\\\/2023\\\/10\\\/cropped-cropped-Diseno-sin-titulo-16-3.png\",\"contentUrl\":\"https:\\\/\\\/clinicavalor.com\\\/wp-content\\\/uploads\\\/2023\\\/10\\\/cropped-cropped-Diseno-sin-titulo-16-3.png\",\"width\":172,\"height\":241,\"caption\":\" \"},\"image\":{\"@id\":\"https:\\\/\\\/clinicavalor.com\\\/#\\\/schema\\\/logo\\\/image\\\/\"}}]}<\/script>\n<!-- \/ Yoast SEO plugin. -->","yoast_head_json":{"title":"Contacto -","robots":{"index":"index","follow":"follow","max-snippet":"max-snippet:-1","max-image-preview":"max-image-preview:large","max-video-preview":"max-video-preview:-1"},"canonical":"https:\/\/clinicavalor.com\/en\/contacto\/","og_locale":"en_US","og_type":"article","og_title":"Contacto -","og_url":"https:\/\/clinicavalor.com\/en\/contacto\/","article_modified_time":"2025-09-13T19:18:08+00:00","twitter_card":"summary_large_image","twitter_misc":{"Est. reading time":"1 minute"},"schema":{"@context":"https:\/\/schema.org","@graph":[{"@type":"WebPage","@id":"https:\/\/clinicavalor.com\/contacto\/","url":"https:\/\/clinicavalor.com\/contacto\/","name":"Contacto -","isPartOf":{"@id":"https:\/\/clinicavalor.com\/#website"},"datePublished":"2023-10-13T10:08:35+00:00","dateModified":"2025-09-13T19:18:08+00:00","breadcrumb":{"@id":"https:\/\/clinicavalor.com\/contacto\/#breadcrumb"},"inLanguage":"en-US","potentialAction":[{"@type":"ReadAction","target":["https:\/\/clinicavalor.com\/contacto\/"]}]},{"@type":"BreadcrumbList","@id":"https:\/\/clinicavalor.com\/contacto\/#breadcrumb","itemListElement":[{"@type":"ListItem","position":1,"name":"Home","item":"https:\/\/clinicavalor.com\/"},{"@type":"ListItem","position":2,"name":"Contacto"}]},{"@type":"WebSite","@id":"https:\/\/clinicavalor.com\/#website","url":"https:\/\/clinicavalor.com\/","name":"","description":"specialistas en tratamientos est\u00e9ticos avanzados como Dermapen, toxina botul\u00ednica y PRP. Formaci\u00f3n exclusiva con m\u00e1steres en Dermapen y cursos de est\u00e9tica en Benalm\u00e1dena.","publisher":{"@id":"https:\/\/clinicavalor.com\/#organization"},"potentialAction":[{"@type":"SearchAction","target":{"@type":"EntryPoint","urlTemplate":"https:\/\/clinicavalor.com\/?s={search_term_string}"},"query-input":{"@type":"PropertyValueSpecification","valueRequired":true,"valueName":"search_term_string"}}],"inLanguage":"en-US"},{"@type":"Organization","@id":"https:\/\/clinicavalor.com\/#organization","name":"","url":"https:\/\/clinicavalor.com\/","logo":{"@type":"ImageObject","inLanguage":"en-US","@id":"https:\/\/clinicavalor.com\/#\/schema\/logo\/image\/","url":"https:\/\/clinicavalor.com\/wp-content\/uploads\/2023\/10\/cropped-cropped-Diseno-sin-titulo-16-3.png","contentUrl":"https:\/\/clinicavalor.com\/wp-content\/uploads\/2023\/10\/cropped-cropped-Diseno-sin-titulo-16-3.png","width":172,"height":241,"caption":" "},"image":{"@id":"https:\/\/clinicavalor.com\/#\/schema\/logo\/image\/"}}]}},"_links":{"self":[{"href":"https:\/\/clinicavalor.com\/en\/wp-json\/wp\/v2\/pages\/182","targetHints":{"allow":["GET"]}}],"collection":[{"href":"https:\/\/clinicavalor.com\/en\/wp-json\/wp\/v2\/pages"}],"about":[{"href":"https:\/\/clinicavalor.com\/en\/wp-json\/wp\/v2\/types\/page"}],"author":[{"embeddable":true,"href":"https:\/\/clinicavalor.com\/en\/wp-json\/wp\/v2\/users\/1"}],"replies":[{"embeddable":true,"href":"https:\/\/clinicavalor.com\/en\/wp-json\/wp\/v2\/comments?post=182"}],"version-history":[{"count":7,"href":"https:\/\/clinicavalor.com\/en\/wp-json\/wp\/v2\/pages\/182\/revisions"}],"predecessor-version":[{"id":518,"href":"https:\/\/clinicavalor.com\/en\/wp-json\/wp\/v2\/pages\/182\/revisions\/518"}],"wp:attachment":[{"href":"https:\/\/clinicavalor.com\/en\/wp-json\/wp\/v2\/media?parent=182"}],"curies":[{"name":"wp","href":"https:\/\/api.w.org\/{rel}","templated":true}]}}