{"id":180,"date":"2023-10-13T12:03:30","date_gmt":"2023-10-13T10:03:30","guid":{"rendered":"https:\/\/clinicavalor.com\/?page_id=180"},"modified":"2026-04-21T22:34:49","modified_gmt":"2026-04-21T20:34:49","slug":"master","status":"publish","type":"page","link":"https:\/\/clinicavalor.com\/en\/master\/","title":{"rendered":"Master's degrees"},"content":{"rendered":"<h5>\n\t\tMASTER IN DERMAPEN or MICRONEEDLING\n\t<\/h5>\n<h5>\n\t\tPrice: \u20ac950\n\t<\/h5>\n\t<p>El microneedling o Dermapen es una terapia m\u00ednimamente invasiva que utiliza estas agujas para la inducci\u00f3n del col\u00e1geno que deja la piel m\u00e1s lisa, reduce la apariencia de las cicatrices o marcas y, en definitiva, combate el envejecimiento de la piel.<\/p>\n<ul>\n<li><strong>Classroom Course <\/strong><\/li>\n<li><strong>Kit Included. <\/strong><\/li>\n<li><strong>Accreditation certificate.<\/strong><\/li>\n<li><strong>Duration: 16 hours.<\/strong><\/li>\n<\/ul>\n\t<hr \/>\n<p>&nbsp;<\/p>\n<h5>\n\t\tAPPROVED MICROPIGMENTATION MASTER'S + HYGIENIC-SANITARY TRAINING\n\t<\/h5>\n<h5>\n\t\tPrice: 1750\u20ac\n\t<\/h5>\n\t<p>T\u00e9cnico en micropigmentaci\u00f3n, profesional especialista en implantar pigmentos a nivel epid\u00e9rmico o superficial para dar color y forma a algunos rasgos faciales o corporales siendo las m\u00e1s habituales ojos, labios, cejas y pecho. Esta t\u00e9cnica es una alternativa m\u00e1s natural empleada para corregir, embellecer o mejorar imperfecciones, una alternativa al tatuaje de cejas o labios.<\/p>\n<p>En el M\u00e1ster de Micropigmentaci\u00f3n aprender\u00e1s todo el desarrollo t\u00e9cnico fundamental de la profesi\u00f3n de esteticista, as\u00ed como los pasos para ponerlo en pr\u00e1ctica.<\/p>\n<ul>\n<li><strong>Micropigmentation machine.<\/strong><\/li>\n<li><strong>File<\/strong><\/li>\n<li><strong>Practice in synthetic leather<\/strong><\/li>\n<li><strong>Practicing on real models (bring 2 models)<\/strong><\/li>\n<li><strong>Certified<\/strong><\/li>\n<li><strong>Complete kits<\/strong><\/li>\n<li><strong>Duration: 16 hours<\/strong><\/li>\n<\/ul>\n\t<hr \/>\n<p>&nbsp;<\/p>\n<h5>\n\t\tACRYLIC NAIL MASTERCLASS\n\t<\/h5>\n<h5>\n\t\tPrice: \u20ac650\n\t<\/h5>\n\t<p>En nuestra formaci\u00f3n aprender\u00e1s personalizado, por lo que podr\u00e1s consultar tus dudas en cualquier momento. De esta forma, lo que queremos es ofrecerte una atenci\u00f3n de calidad para que te sientas segura a lo largo de toda la formaci\u00f3n. Adem\u00e1s, podr\u00e1s practicar con modelos reales para que salgas totalmente preparada para el mundo laboral.<\/p>\n<p>The curriculum of our master's program is comprised of the following topics:<\/p>\n<ul>\n<li><strong>Salon hygiene.<\/strong><\/li>\n<li><strong>Nail anatomy.<\/strong><\/li>\n<li><strong>Acrylic.<\/strong><\/li>\n<li><strong>Dehydrators.<\/strong><\/li>\n<li><strong>Acrylic stages.<\/strong><\/li>\n<li><strong>Inputs needed at each stage of the process.<\/strong><\/li>\n<li><strong>Acrylic nail shape.<\/strong><\/li>\n<li><strong>Acrylic nail structure.<\/strong><\/li>\n<li><strong>Preparation of the acrylic nail.<\/strong><\/li>\n<li><strong>Nails with acrylic tips.<\/strong><\/li>\n<li><strong>Nails with acrylic forms.<\/strong><\/li>\n<li><strong>Base elongation.<\/strong><\/li>\n<li><strong>Different nail shapes.<\/strong><\/li>\n<li><strong>Kits included<\/strong><\/li>\n<li><strong>File<\/strong><\/li>\n<li><strong>certificate<\/strong><\/li>\n<li><strong>Duration: 16 hours. <\/strong><\/li>\n<li><strong>Bring 2 models<\/strong><\/li>\n<\/ul>\n\t<hr \/>\n<p>&nbsp;<\/p>\n<h5>\n\t\tADVANCED AESTHETICS\n\t<\/h5>\n<h5>\n\t\tPrice: \u20ac2200\n\t<\/h5>\n\t<p>Te formaras en los principales tratamientos de belleza para ofrecer a tus clientas.<\/p>\n<ul>\n<li><strong>Dossier, kits, and certificate of accreditation. + 5 Vials of 5 ml<\/strong><\/li>\n<li><strong>Hyaluron pen<\/strong><\/li>\n<li><strong>Dermapen<\/strong><\/li>\n<li><strong>Microblading<\/strong><\/li>\n<li><strong>Eyebrow design<\/strong><\/li>\n<li><strong>Duration: 35 hours.<\/strong><\/li>\n<\/ul>\n\t\t\t\t<img decoding=\"async\" src=\"http:\/\/clinicavalor.com\/wp-content\/uploads\/2023\/10\/teaserbox_2469623336.png\" alt=\"teaserbox_2469623336\" itemprop=\"image\" title=\"teaserbox_2469623336\" onerror=\"this.style.display='none'\"  \/>\n\t\t\t\t<img decoding=\"async\" src=\"http:\/\/clinicavalor.com\/wp-content\/uploads\/2023\/10\/PhotoRoom-20230715-204016-150x150.jpg\" alt=\"PhotoRoom-20230715-204016\" itemprop=\"image\" title=\"PhotoRoom-20230715-204016\" onerror=\"this.style.display='none'\"  \/>\n\t\t\t\t<img decoding=\"async\" src=\"http:\/\/clinicavalor.com\/wp-content\/uploads\/2023\/10\/images-150x150.jpg\" alt=\"images\" itemprop=\"image\" title=\"images\" onerror=\"this.style.display='none'\"  \/>","protected":false},"excerpt":{"rendered":"<p>M\u00c1STER EN DERMAPEN o MICRONEEDLING Precio: 950\u20ac El microneedling o Dermapen es una terapia m\u00ednimamente invasiva que utiliza estas agujas [&hellip;]<\/p>\n","protected":false},"author":1,"featured_media":0,"parent":0,"menu_order":0,"comment_status":"closed","ping_status":"closed","template":"","meta":{"site-sidebar-layout":"default","site-content-layout":"","ast-site-content-layout":"default","site-content-style":"default","site-sidebar-style":"default","ast-global-header-display":"","ast-banner-title-visibility":"","ast-main-header-display":"","ast-hfb-above-header-display":"","ast-hfb-below-header-display":"","ast-hfb-mobile-header-display":"","site-post-title":"","ast-breadcrumbs-content":"","ast-featured-img":"","footer-sml-layout":"","theme-transparent-header-meta":"","adv-header-id-meta":"","stick-header-meta":"","header-above-stick-meta":"","header-main-stick-meta":"","header-below-stick-meta":"","astra-migrate-meta-layouts":"default","ast-page-background-enabled":"default","ast-page-background-meta":{"desktop":{"background-color":"var(--ast-global-color-5)","background-image":"","background-repeat":"repeat","background-position":"center center","background-size":"auto","background-attachment":"scroll","background-type":"","background-media":"","overlay-type":"","overlay-color":"","overlay-opacity":"","overlay-gradient":""},"tablet":{"background-color":"","background-image":"","background-repeat":"repeat","background-position":"center center","background-size":"auto","background-attachment":"scroll","background-type":"","background-media":"","overlay-type":"","overlay-color":"","overlay-opacity":"","overlay-gradient":""},"mobile":{"background-color":"","background-image":"","background-repeat":"repeat","background-position":"center center","background-size":"auto","background-attachment":"scroll","background-type":"","background-media":"","overlay-type":"","overlay-color":"","overlay-opacity":"","overlay-gradient":""}},"ast-content-background-meta":{"desktop":{"background-color":"var(--ast-global-color-4)","background-image":"","background-repeat":"repeat","background-position":"center center","background-size":"auto","background-attachment":"scroll","background-type":"","background-media":"","overlay-type":"","overlay-color":"","overlay-opacity":"","overlay-gradient":""},"tablet":{"background-color":"var(--ast-global-color-4)","background-image":"","background-repeat":"repeat","background-position":"center center","background-size":"auto","background-attachment":"scroll","background-type":"","background-media":"","overlay-type":"","overlay-color":"","overlay-opacity":"","overlay-gradient":""},"mobile":{"background-color":"var(--ast-global-color-4)","background-image":"","background-repeat":"repeat","background-position":"center center","background-size":"auto","background-attachment":"scroll","background-type":"","background-media":"","overlay-type":"","overlay-color":"","overlay-opacity":"","overlay-gradient":""}},"footnotes":""},"class_list":["post-180","page","type-page","status-publish","hentry"],"yoast_head":"<!-- This site is optimized with the Yoast SEO plugin v27.4 - https:\/\/yoast.com\/product\/yoast-seo-wordpress\/ -->\n<title>M\u00e1steres -<\/title>\n<meta name=\"robots\" content=\"index, follow, max-snippet:-1, max-image-preview:large, max-video-preview:-1\" \/>\n<link rel=\"canonical\" href=\"https:\/\/clinicavalor.com\/en\/master\/\" \/>\n<meta property=\"og:locale\" content=\"en_US\" \/>\n<meta property=\"og:type\" content=\"article\" \/>\n<meta property=\"og:title\" content=\"M\u00e1steres -\" \/>\n<meta property=\"og:description\" content=\"M\u00c1STER EN DERMAPEN o MICRONEEDLING Precio: 950\u20ac El microneedling o Dermapen es una terapia m\u00ednimamente invasiva que utiliza estas agujas [&hellip;]\" \/>\n<meta property=\"og:url\" content=\"https:\/\/clinicavalor.com\/en\/master\/\" \/>\n<meta property=\"article:modified_time\" content=\"2026-04-21T20:34:49+00:00\" \/>\n<meta property=\"og:image\" content=\"http:\/\/clinicavalor.com\/wp-content\/uploads\/2023\/10\/teaserbox_2469623336.png\" \/>\n<meta name=\"twitter:card\" content=\"summary_large_image\" \/>\n<meta name=\"twitter:label1\" content=\"Est. reading time\" \/>\n\t<meta name=\"twitter:data1\" content=\"3 minutes\" \/>\n<script type=\"application\/ld+json\" class=\"yoast-schema-graph\">{\"@context\":\"https:\\\/\\\/schema.org\",\"@graph\":[{\"@type\":\"WebPage\",\"@id\":\"https:\\\/\\\/clinicavalor.com\\\/master\\\/\",\"url\":\"https:\\\/\\\/clinicavalor.com\\\/master\\\/\",\"name\":\"M\u00e1steres -\",\"isPartOf\":{\"@id\":\"https:\\\/\\\/clinicavalor.com\\\/#website\"},\"primaryImageOfPage\":{\"@id\":\"https:\\\/\\\/clinicavalor.com\\\/master\\\/#primaryimage\"},\"image\":{\"@id\":\"https:\\\/\\\/clinicavalor.com\\\/master\\\/#primaryimage\"},\"thumbnailUrl\":\"http:\\\/\\\/clinicavalor.com\\\/wp-content\\\/uploads\\\/2023\\\/10\\\/teaserbox_2469623336.png\",\"datePublished\":\"2023-10-13T10:03:30+00:00\",\"dateModified\":\"2026-04-21T20:34:49+00:00\",\"breadcrumb\":{\"@id\":\"https:\\\/\\\/clinicavalor.com\\\/master\\\/#breadcrumb\"},\"inLanguage\":\"en-US\",\"potentialAction\":[{\"@type\":\"ReadAction\",\"target\":[\"https:\\\/\\\/clinicavalor.com\\\/master\\\/\"]}]},{\"@type\":\"ImageObject\",\"inLanguage\":\"en-US\",\"@id\":\"https:\\\/\\\/clinicavalor.com\\\/master\\\/#primaryimage\",\"url\":\"http:\\\/\\\/clinicavalor.com\\\/wp-content\\\/uploads\\\/2023\\\/10\\\/teaserbox_2469623336.png\",\"contentUrl\":\"http:\\\/\\\/clinicavalor.com\\\/wp-content\\\/uploads\\\/2023\\\/10\\\/teaserbox_2469623336.png\"},{\"@type\":\"BreadcrumbList\",\"@id\":\"https:\\\/\\\/clinicavalor.com\\\/master\\\/#breadcrumb\",\"itemListElement\":[{\"@type\":\"ListItem\",\"position\":1,\"name\":\"Home\",\"item\":\"https:\\\/\\\/clinicavalor.com\\\/\"},{\"@type\":\"ListItem\",\"position\":2,\"name\":\"M\u00e1steres\"}]},{\"@type\":\"WebSite\",\"@id\":\"https:\\\/\\\/clinicavalor.com\\\/#website\",\"url\":\"https:\\\/\\\/clinicavalor.com\\\/\",\"name\":\"\",\"description\":\"specialistas en tratamientos est\u00e9ticos avanzados como Dermapen, toxina botul\u00ednica y PRP. Formaci\u00f3n exclusiva con m\u00e1steres en Dermapen y cursos de est\u00e9tica en Benalm\u00e1dena.\",\"publisher\":{\"@id\":\"https:\\\/\\\/clinicavalor.com\\\/#organization\"},\"potentialAction\":[{\"@type\":\"SearchAction\",\"target\":{\"@type\":\"EntryPoint\",\"urlTemplate\":\"https:\\\/\\\/clinicavalor.com\\\/?s={search_term_string}\"},\"query-input\":{\"@type\":\"PropertyValueSpecification\",\"valueRequired\":true,\"valueName\":\"search_term_string\"}}],\"inLanguage\":\"en-US\"},{\"@type\":\"Organization\",\"@id\":\"https:\\\/\\\/clinicavalor.com\\\/#organization\",\"name\":\"\",\"url\":\"https:\\\/\\\/clinicavalor.com\\\/\",\"logo\":{\"@type\":\"ImageObject\",\"inLanguage\":\"en-US\",\"@id\":\"https:\\\/\\\/clinicavalor.com\\\/#\\\/schema\\\/logo\\\/image\\\/\",\"url\":\"https:\\\/\\\/clinicavalor.com\\\/wp-content\\\/uploads\\\/2023\\\/10\\\/cropped-cropped-Diseno-sin-titulo-16-3.png\",\"contentUrl\":\"https:\\\/\\\/clinicavalor.com\\\/wp-content\\\/uploads\\\/2023\\\/10\\\/cropped-cropped-Diseno-sin-titulo-16-3.png\",\"width\":172,\"height\":241,\"caption\":\" \"},\"image\":{\"@id\":\"https:\\\/\\\/clinicavalor.com\\\/#\\\/schema\\\/logo\\\/image\\\/\"}}]}<\/script>\n<!-- \/ Yoast SEO plugin. -->","yoast_head_json":{"title":"M\u00e1steres -","robots":{"index":"index","follow":"follow","max-snippet":"max-snippet:-1","max-image-preview":"max-image-preview:large","max-video-preview":"max-video-preview:-1"},"canonical":"https:\/\/clinicavalor.com\/en\/master\/","og_locale":"en_US","og_type":"article","og_title":"M\u00e1steres -","og_description":"M\u00c1STER EN DERMAPEN o MICRONEEDLING Precio: 950\u20ac El microneedling o Dermapen es una terapia m\u00ednimamente invasiva que utiliza estas agujas [&hellip;]","og_url":"https:\/\/clinicavalor.com\/en\/master\/","article_modified_time":"2026-04-21T20:34:49+00:00","og_image":[{"url":"http:\/\/clinicavalor.com\/wp-content\/uploads\/2023\/10\/teaserbox_2469623336.png","type":"","width":"","height":""}],"twitter_card":"summary_large_image","twitter_misc":{"Est. reading time":"3 minutes"},"schema":{"@context":"https:\/\/schema.org","@graph":[{"@type":"WebPage","@id":"https:\/\/clinicavalor.com\/master\/","url":"https:\/\/clinicavalor.com\/master\/","name":"M\u00e1steres -","isPartOf":{"@id":"https:\/\/clinicavalor.com\/#website"},"primaryImageOfPage":{"@id":"https:\/\/clinicavalor.com\/master\/#primaryimage"},"image":{"@id":"https:\/\/clinicavalor.com\/master\/#primaryimage"},"thumbnailUrl":"http:\/\/clinicavalor.com\/wp-content\/uploads\/2023\/10\/teaserbox_2469623336.png","datePublished":"2023-10-13T10:03:30+00:00","dateModified":"2026-04-21T20:34:49+00:00","breadcrumb":{"@id":"https:\/\/clinicavalor.com\/master\/#breadcrumb"},"inLanguage":"en-US","potentialAction":[{"@type":"ReadAction","target":["https:\/\/clinicavalor.com\/master\/"]}]},{"@type":"ImageObject","inLanguage":"en-US","@id":"https:\/\/clinicavalor.com\/master\/#primaryimage","url":"http:\/\/clinicavalor.com\/wp-content\/uploads\/2023\/10\/teaserbox_2469623336.png","contentUrl":"http:\/\/clinicavalor.com\/wp-content\/uploads\/2023\/10\/teaserbox_2469623336.png"},{"@type":"BreadcrumbList","@id":"https:\/\/clinicavalor.com\/master\/#breadcrumb","itemListElement":[{"@type":"ListItem","position":1,"name":"Home","item":"https:\/\/clinicavalor.com\/"},{"@type":"ListItem","position":2,"name":"M\u00e1steres"}]},{"@type":"WebSite","@id":"https:\/\/clinicavalor.com\/#website","url":"https:\/\/clinicavalor.com\/","name":"","description":"specialistas en tratamientos est\u00e9ticos avanzados como Dermapen, toxina botul\u00ednica y PRP. Formaci\u00f3n exclusiva con m\u00e1steres en Dermapen y cursos de est\u00e9tica en Benalm\u00e1dena.","publisher":{"@id":"https:\/\/clinicavalor.com\/#organization"},"potentialAction":[{"@type":"SearchAction","target":{"@type":"EntryPoint","urlTemplate":"https:\/\/clinicavalor.com\/?s={search_term_string}"},"query-input":{"@type":"PropertyValueSpecification","valueRequired":true,"valueName":"search_term_string"}}],"inLanguage":"en-US"},{"@type":"Organization","@id":"https:\/\/clinicavalor.com\/#organization","name":"","url":"https:\/\/clinicavalor.com\/","logo":{"@type":"ImageObject","inLanguage":"en-US","@id":"https:\/\/clinicavalor.com\/#\/schema\/logo\/image\/","url":"https:\/\/clinicavalor.com\/wp-content\/uploads\/2023\/10\/cropped-cropped-Diseno-sin-titulo-16-3.png","contentUrl":"https:\/\/clinicavalor.com\/wp-content\/uploads\/2023\/10\/cropped-cropped-Diseno-sin-titulo-16-3.png","width":172,"height":241,"caption":" "},"image":{"@id":"https:\/\/clinicavalor.com\/#\/schema\/logo\/image\/"}}]}},"_links":{"self":[{"href":"https:\/\/clinicavalor.com\/en\/wp-json\/wp\/v2\/pages\/180","targetHints":{"allow":["GET"]}}],"collection":[{"href":"https:\/\/clinicavalor.com\/en\/wp-json\/wp\/v2\/pages"}],"about":[{"href":"https:\/\/clinicavalor.com\/en\/wp-json\/wp\/v2\/types\/page"}],"author":[{"embeddable":true,"href":"https:\/\/clinicavalor.com\/en\/wp-json\/wp\/v2\/users\/1"}],"replies":[{"embeddable":true,"href":"https:\/\/clinicavalor.com\/en\/wp-json\/wp\/v2\/comments?post=180"}],"version-history":[{"count":5,"href":"https:\/\/clinicavalor.com\/en\/wp-json\/wp\/v2\/pages\/180\/revisions"}],"predecessor-version":[{"id":316,"href":"https:\/\/clinicavalor.com\/en\/wp-json\/wp\/v2\/pages\/180\/revisions\/316"}],"wp:attachment":[{"href":"https:\/\/clinicavalor.com\/en\/wp-json\/wp\/v2\/media?parent=180"}],"curies":[{"name":"wp","href":"https:\/\/api.w.org\/{rel}","templated":true}]}}