{"id":177,"date":"2023-10-13T12:03:03","date_gmt":"2023-10-13T10:03:03","guid":{"rendered":"https:\/\/clinicavalor.com\/?page_id=177"},"modified":"2025-10-07T18:34:25","modified_gmt":"2025-10-07T16:34:25","slug":"estetica","status":"publish","type":"page","link":"https:\/\/clinicavalor.com\/en\/estetica\/","title":{"rendered":"Beauty and hairdressing"},"content":{"rendered":"<img decoding=\"async\" src=\"http:\/\/clinicavalor.com\/wp-content\/uploads\/2023\/10\/manicure-pedicure.jpg\" alt=\"manicure-pedicure\" itemprop=\"image\" title=\"manicure-pedicure\" onerror=\"this.style.display='none'\"  \/>\n<h4>\n\t\tEst\u00e9tica: Peluquer\u00eda, manicure, pedicure\n\t<\/h4>\n\t<p>En\u00a0 nuestra est\u00e9tica podr\u00e1s disfrutar de todo tipo de tratamientos faciales, corporales y capilares, nuestras profesionales cuentan con la experiencia necesaria para realzar tu belleza y cumplir con las solicitudes m\u00e1s exigentes.<\/p>\n<p>Entendemos lo importante que es para ti tu salud est\u00e9tica, ya que para nosotros lo es, por dicha raz\u00f3n nos esforzamos en no solo ser los mejores especialistas si no tambi\u00e9n darte la mejor atenci\u00f3n y cuidado.<\/p>\n<h4>\n\t\tPeluquer\u00eda\n\t<\/h4>\n\t<table>\n<tbody>\n<tr>\n<td>Corte de Hombre<\/td>\n<td>15\u20ac<\/td>\n<\/tr>\n<tr>\n<td>Corte de Mujer<\/td>\n<td>25\u20ac<\/td>\n<\/tr>\n<tr>\n<td>Corte Junior<\/td>\n<td>9\u20ac<\/td>\n<\/tr>\n<tr>\n<td>Corte de Beb\u00e9<\/td>\n<td>6\u20ac<\/td>\n<\/tr>\n<tr>\n<td>Peinado<\/td>\n<td>12\u20ac<\/td>\n<\/tr>\n<tr>\n<td>Lavado<\/td>\n<td>5\u20ac, 10\u20ac, 15\u20ac<\/td>\n<\/tr>\n<tr>\n<td>Botox Capilar<\/td>\n<td>35\u20ac, 55\u20ac, 75\u20ac<\/td>\n<\/tr>\n<tr>\n<td>Mechas<\/td>\n<td>70\u20ac<\/td>\n<\/tr>\n<tr>\n<td>Color<\/td>\n<td>30\u20ac<\/td>\n<\/tr>\n<tr>\n<td>Alisado Brasile\u00f1o Formol<\/td>\n<td>50\u20ac, 70\u20ac, 90\u20ac<\/td>\n<\/tr>\n<tr>\n<td>Org\u00e1nico<\/td>\n<td>60\u20ac, 80\u20ac, 100\u20ac<\/td>\n<\/tr>\n<tr>\n<td>Nutrici\u00f3n<\/td>\n<td>20\u20ac<\/td>\n<\/tr>\n<tr>\n<td>Balayage<\/td>\n<td>80\u20ac<\/td>\n<\/tr>\n<\/tbody>\n<\/table>\n<h4>\n\t\tMaderoterapia\n\t<\/h4>\n\t<table>\n<tbody>\n<tr>\n<td>General<\/td>\n<td>70\u20ac<\/td>\n<td>Lun a Mi\u00e9: 30\u20ac<\/td>\n<\/tr>\n<\/tbody>\n<\/table>\n<h4>\n\t\tPesta\u00f1as\n\t<\/h4>\n\t<table>\n<tbody>\n<tr>\n<td>Pelo a Pelo<\/td>\n<td>60\u20ac<\/td>\n<td>Lun a Mi\u00e9: 50\u20ac<\/td>\n<\/tr>\n<tr>\n<td>Vol\u00famen Ruso<\/td>\n<td>70\u20ac<\/td>\n<td>Lun a Mi\u00e9: 60\u20ac<\/td>\n<\/tr>\n<tr>\n<td>Relleno<\/td>\n<td>40\u20ac<\/td>\n\n<\/tr>\n<tr>\n<td>Retirada<\/td>\n<td>15\u20ac<\/td>\n\n<\/tr>\n<tr>\n<td>Lifting de Pesta\u00f1as<\/td>\n<td>45\u20ac<\/td>\n<td>Lun a Mi\u00e9: 40\u20ac<\/td>\n<\/tr>\n<\/tbody>\n<\/table>\n<h4>\n\t\tMicro\n\t<\/h4>\n\t<table>\n<tbody>\n<tr>\n<td>Micropigmentaci\u00f3n Cejas Pelo A Pelo<\/td>\n<td>250\u20ac<\/td>\n<td>Lun a Mi\u00e9: 220\u20ac<\/td>\n<\/tr>\n<tr>\n<td>Labios<\/td>\n<td>300\u20ac<\/td>\n<td>Lun a Mi\u00e9: 270\u20ac<\/td>\n<\/tr>\n<tr>\n<td>Eyeliner Superior<\/td>\n<td>150\u20ac<\/td>\n<td>Lun a Mi\u00e9: 120\u20ac<\/td>\n<\/tr>\n<tr>\n<td>Eyeliner Inferior<\/td>\n<td>120\u20ac<\/td>\n<td>Lun a Mi\u00e9: 100\u20ac<\/td>\n<\/tr>\n<tr>\n<td>Sombreado De P\u00e1rpados Superior<\/td>\n<td>200\u20ac<\/td>\n<td>Lun a Mi\u00e9: 170\u20ac<\/td>\n<\/tr>\n<tr>\n<td>Labios &#8211; cejas &#8211; eyeliner superior e inferior<\/td>\n<td>800\u20ac<\/td>\n\n<\/tr>\n<\/tbody>\n<\/table>\n<p>&nbsp;<\/p>\n<h4>\n\t\tMasajes Relajantes\n\t<\/h4>\n\t<table>\n<tbody>\n<tr>\n<td>15 min.<\/td>\n<td>25\u20ac<\/td>\n<\/tr>\n<tr>\n<td>30 min.<\/td>\n<td>30\u20ac<\/td>\n<\/tr>\n<tr>\n<td>60 min.<\/td>\n<td>55\u20ac<\/td>\n<\/tr>\n<\/tbody>\n<\/table>\n<p>Presoterapia<\/p>\n\t<table>\n<tbody>\n<tr>\n<td>15 min.<\/td>\n<td>25\u20ac<\/td>\n<\/tr>\n<tr>\n<td>30 min.<\/td>\n<td>25\u20ac<\/td>\n<\/tr>\n<tr>\n<td>60 min.<\/td>\n<td>60\u20ac<\/td>\n<\/tr>\n<\/tbody>\n<\/table>\n<h4>\n\t\tFacial\n\t<\/h4>\n\t<table>\n<tbody>\n<tr>\n<td>Hydrafacial<\/td>\n<td>120\u20ac<\/td>\n<td>Lun a Mi\u00e9: 100\u20ac<\/td>\n<\/tr>\n<tr>\n<td>Limpieza b\u00e1sica<\/td>\n<td>35\u20ac<\/td>\n<td>Lun a Mi\u00e9: 30\u20ac<\/td>\n<\/tr>\n<tr>\n<td>Rejuvenecimiento con c\u00f3ctel de vitaminas<\/td>\n<td>65\u20ac<\/td>\n<td>Lun a Mi\u00e9: 55\u20ac<\/td>\n<\/tr>\n<tr>\n<td>Tratamiento despigmentante antimanchas<\/td>\n<td>55\u20ac<\/td>\n<td>Lun a Mi\u00e9: 45\u20ac<\/td>\n<\/tr>\n<\/tbody>\n<\/table>\n<h4>\n\t\tDepilaci\u00f3n de Cera\n\t<\/h4>\n\t<table>\n<tbody>\n<tr>\n<td>Labios, l\u00ednea alba, nariz, pies, manos, perianal<\/td>\n<td>5\u20ac c\/u<\/td>\n<\/tr>\n<tr>\n<td>Ingles, axilas, p\u00f3mulos, medios brazos<\/td>\n<td>15\u20ac<\/td>\n<\/tr>\n<tr>\n<td>Gl\u00faetos e intergl\u00fateos<\/td>\n<td>17\u20ac<\/td>\n<\/tr>\n<tr>\n<td>Eyebrow design<\/td>\n<td>12\u20ac<\/td>\n<\/tr>\n<tr>\n<td>Piernas completas<\/td>\n<td>20\u20ac<\/td>\n<\/tr>\n<tr>\n<td>Pubis completa<\/td>\n<td>30\u20ac<\/td>\n<\/tr>\n<tr>\n<td>Medias piernas<\/td>\n<td>15\u20ac<\/td>\n<\/tr>\n<tr>\n<td>Brazos completos<\/td>\n<td>20\u20ac<\/td>\n<\/tr>\n<\/tbody>\n<\/table>\n<h4>\n\t\tManicura\n\t<\/h4>\n\t<table>\n<tbody>\n<tr>\n<td>Retirada Semipermanente<\/td>\n<td>5\u20ac<\/td>\n\n<\/tr>\n<tr>\n<td>Manicura b\u00e1sica:<br \/>\nCortar, limar, esmaltado normal.<\/td>\n<td>12\u20ac<\/td>\n<td>Lun a Mi\u00e9: 10\u20ac<\/td>\n<\/tr>\n<tr>\n<td>Manicura b\u00e1sica semi:Cortar, limar, esmaltado semipermanente<\/td>\n<td>15\u20ac<\/td>\n<td>Lun a Mi\u00e9: 13\u20ac<\/td>\n<\/tr>\n<tr>\n<td>Manicura spa:\u00a0 Cortar, limar, cut\u00edcula, hidratar, exfoliar, esmaltado normal.<\/td>\n<td>20\u20ac<\/td>\n<td>Lun a Mi\u00e9: 18\u20ac<\/td>\n<\/tr>\n<tr>\n<td>Manicura spa semi: Cortar, limar, cut\u00edcula, hidratar, exfoliar, esmaltado semipermanente.<br \/>\n<\/td>\n<td>25\u20ac<\/td>\n<td>Lun a Mi\u00e9: 20\u20ac<\/td>\n<\/tr>\n<tr>\n<td>U\u00f1as acr\u00edlicas con tips <br \/>\n<\/td>\n<td>35\u20ac<\/td>\n<td>Lun a Mi\u00e9: 30\u20ac<\/td>\n<\/tr>\n<tr>\n<td>U\u00f1as acr\u00edlicas sin tips<\/td>\n<td>45\u20ac<\/td>\n<td>Lun a Mi\u00e9: 30\u20ac<\/td>\n<\/tr>\n<\/tbody>\n<\/table>\n<p>&nbsp;<\/p>\n<h4>\n\t\tPedicura\n\t<\/h4>\n\t<table>\n<tbody>\n<tr>\n<td>Retirada Semipermanente<\/td>\n<td>5\u20ac<\/td>\n\n<\/tr>\n<tr>\n<td>Pedicura b\u00e1sica:<br \/>\nCortar, limar, esmaltado normal.<\/td>\n<td>20\u20ac<\/td>\n<td>Lun a Mi\u00e9: 17\u20ac<\/td>\n<\/tr>\n<tr>\n<td>Pedicura b\u00e1sica semi:Cortar, limar, esmaltado semipermanente<\/td>\n<td>30\u20ac<\/td>\n<td>Lun a Mi\u00e9: 27\u20ac<\/td>\n<\/tr>\n<tr>\n<td>Pedicura spa:\u00a0 Cortar, limar, cut\u00edcula, hidratar, exfoliar, esmaltado normal.<\/td>\n<td>40\u20ac<\/td>\n<td>Lun a Mi\u00e9: 36\u20ac<\/td>\n<\/tr>\n<tr>\n<td>Pedicura spa semi: Cortar, limar, cut\u00edcula, hidratar, exfoliar, esmaltado semipermanente.<br \/>\n<\/td>\n<td>45\u20ac<\/td>\n<td>Lun a Mi\u00e9: 42\u20ac<\/td>\n<\/tr>\n<\/tbody>\n<\/table>","protected":false},"excerpt":{"rendered":"<p>Est\u00e9tica: Peluquer\u00eda, manicure, pedicure En\u00a0 nuestra est\u00e9tica podr\u00e1s disfrutar de todo tipo de tratamientos faciales, corporales y capilares, nuestras profesionales [&hellip;]<\/p>\n","protected":false},"author":1,"featured_media":0,"parent":0,"menu_order":0,"comment_status":"closed","ping_status":"closed","template":"","meta":{"site-sidebar-layout":"default","site-content-layout":"","ast-site-content-layout":"default","site-content-style":"default","site-sidebar-style":"default","ast-global-header-display":"","ast-banner-title-visibility":"","ast-main-header-display":"","ast-hfb-above-header-display":"","ast-hfb-below-header-display":"","ast-hfb-mobile-header-display":"","site-post-title":"","ast-breadcrumbs-content":"","ast-featured-img":"","footer-sml-layout":"","theme-transparent-header-meta":"","adv-header-id-meta":"","stick-header-meta":"","header-above-stick-meta":"","header-main-stick-meta":"","header-below-stick-meta":"","astra-migrate-meta-layouts":"default","ast-page-background-enabled":"default","ast-page-background-meta":{"desktop":{"background-color":"var(--ast-global-color-5)","background-image":"","background-repeat":"repeat","background-position":"center center","background-size":"auto","background-attachment":"scroll","background-type":"","background-media":"","overlay-type":"","overlay-color":"","overlay-opacity":"","overlay-gradient":""},"tablet":{"background-color":"","background-image":"","background-repeat":"repeat","background-position":"center center","background-size":"auto","background-attachment":"scroll","background-type":"","background-media":"","overlay-type":"","overlay-color":"","overlay-opacity":"","overlay-gradient":""},"mobile":{"background-color":"","background-image":"","background-repeat":"repeat","background-position":"center center","background-size":"auto","background-attachment":"scroll","background-type":"","background-media":"","overlay-type":"","overlay-color":"","overlay-opacity":"","overlay-gradient":""}},"ast-content-background-meta":{"desktop":{"background-color":"var(--ast-global-color-4)","background-image":"","background-repeat":"repeat","background-position":"center center","background-size":"auto","background-attachment":"scroll","background-type":"","background-media":"","overlay-type":"","overlay-color":"","overlay-opacity":"","overlay-gradient":""},"tablet":{"background-color":"var(--ast-global-color-4)","background-image":"","background-repeat":"repeat","background-position":"center center","background-size":"auto","background-attachment":"scroll","background-type":"","background-media":"","overlay-type":"","overlay-color":"","overlay-opacity":"","overlay-gradient":""},"mobile":{"background-color":"var(--ast-global-color-4)","background-image":"","background-repeat":"repeat","background-position":"center center","background-size":"auto","background-attachment":"scroll","background-type":"","background-media":"","overlay-type":"","overlay-color":"","overlay-opacity":"","overlay-gradient":""}},"footnotes":""},"class_list":["post-177","page","type-page","status-publish","hentry"],"yoast_head":"<!-- This site is optimized with the Yoast SEO plugin v27.2 - https:\/\/yoast.com\/product\/yoast-seo-wordpress\/ -->\n<title>Belleza y peluquer\u00eda -<\/title>\n<meta name=\"robots\" content=\"index, follow, max-snippet:-1, max-image-preview:large, max-video-preview:-1\" \/>\n<link rel=\"canonical\" href=\"https:\/\/clinicavalor.com\/en\/estetica\/\" \/>\n<meta property=\"og:locale\" content=\"en_US\" \/>\n<meta property=\"og:type\" content=\"article\" \/>\n<meta property=\"og:title\" content=\"Belleza y peluquer\u00eda -\" \/>\n<meta property=\"og:description\" content=\"Est\u00e9tica: Peluquer\u00eda, manicure, pedicure En\u00a0 nuestra est\u00e9tica podr\u00e1s disfrutar de todo tipo de tratamientos faciales, corporales y capilares, nuestras profesionales [&hellip;]\" \/>\n<meta property=\"og:url\" content=\"https:\/\/clinicavalor.com\/en\/estetica\/\" \/>\n<meta property=\"article:modified_time\" content=\"2025-10-07T16:34:25+00:00\" \/>\n<meta property=\"og:image\" content=\"http:\/\/clinicavalor.com\/wp-content\/uploads\/2023\/10\/manicure-pedicure.jpg\" \/>\n<meta name=\"twitter:card\" content=\"summary_large_image\" \/>\n<meta name=\"twitter:label1\" content=\"Est. reading time\" \/>\n\t<meta name=\"twitter:data1\" content=\"3 minutes\" \/>\n<script type=\"application\/ld+json\" class=\"yoast-schema-graph\">{\"@context\":\"https:\/\/schema.org\",\"@graph\":[{\"@type\":\"WebPage\",\"@id\":\"https:\/\/clinicavalor.com\/estetica\/\",\"url\":\"https:\/\/clinicavalor.com\/estetica\/\",\"name\":\"Belleza y peluquer\u00eda -\",\"isPartOf\":{\"@id\":\"https:\/\/clinicavalor.com\/#website\"},\"primaryImageOfPage\":{\"@id\":\"https:\/\/clinicavalor.com\/estetica\/#primaryimage\"},\"image\":{\"@id\":\"https:\/\/clinicavalor.com\/estetica\/#primaryimage\"},\"thumbnailUrl\":\"http:\/\/clinicavalor.com\/wp-content\/uploads\/2023\/10\/manicure-pedicure.jpg\",\"datePublished\":\"2023-10-13T10:03:03+00:00\",\"dateModified\":\"2025-10-07T16:34:25+00:00\",\"breadcrumb\":{\"@id\":\"https:\/\/clinicavalor.com\/estetica\/#breadcrumb\"},\"inLanguage\":\"en-US\",\"potentialAction\":[{\"@type\":\"ReadAction\",\"target\":[\"https:\/\/clinicavalor.com\/estetica\/\"]}]},{\"@type\":\"ImageObject\",\"inLanguage\":\"en-US\",\"@id\":\"https:\/\/clinicavalor.com\/estetica\/#primaryimage\",\"url\":\"http:\/\/clinicavalor.com\/wp-content\/uploads\/2023\/10\/manicure-pedicure.jpg\",\"contentUrl\":\"http:\/\/clinicavalor.com\/wp-content\/uploads\/2023\/10\/manicure-pedicure.jpg\"},{\"@type\":\"BreadcrumbList\",\"@id\":\"https:\/\/clinicavalor.com\/estetica\/#breadcrumb\",\"itemListElement\":[{\"@type\":\"ListItem\",\"position\":1,\"name\":\"Home\",\"item\":\"https:\/\/clinicavalor.com\/\"},{\"@type\":\"ListItem\",\"position\":2,\"name\":\"Belleza y peluquer\u00eda\"}]},{\"@type\":\"WebSite\",\"@id\":\"https:\/\/clinicavalor.com\/#website\",\"url\":\"https:\/\/clinicavalor.com\/\",\"name\":\"\",\"description\":\"specialistas en tratamientos est\u00e9ticos avanzados como Dermapen, toxina botul\u00ednica y PRP. Formaci\u00f3n exclusiva con m\u00e1steres en Dermapen y cursos de est\u00e9tica en Benalm\u00e1dena.\",\"publisher\":{\"@id\":\"https:\/\/clinicavalor.com\/#organization\"},\"potentialAction\":[{\"@type\":\"SearchAction\",\"target\":{\"@type\":\"EntryPoint\",\"urlTemplate\":\"https:\/\/clinicavalor.com\/?s={search_term_string}\"},\"query-input\":{\"@type\":\"PropertyValueSpecification\",\"valueRequired\":true,\"valueName\":\"search_term_string\"}}],\"inLanguage\":\"en-US\"},{\"@type\":\"Organization\",\"@id\":\"https:\/\/clinicavalor.com\/#organization\",\"name\":\"\",\"url\":\"https:\/\/clinicavalor.com\/\",\"logo\":{\"@type\":\"ImageObject\",\"inLanguage\":\"en-US\",\"@id\":\"https:\/\/clinicavalor.com\/#\/schema\/logo\/image\/\",\"url\":\"https:\/\/clinicavalor.com\/wp-content\/uploads\/2023\/10\/cropped-cropped-Diseno-sin-titulo-16-3.png\",\"contentUrl\":\"https:\/\/clinicavalor.com\/wp-content\/uploads\/2023\/10\/cropped-cropped-Diseno-sin-titulo-16-3.png\",\"width\":172,\"height\":241,\"caption\":\" \"},\"image\":{\"@id\":\"https:\/\/clinicavalor.com\/#\/schema\/logo\/image\/\"}}]}<\/script>\n<!-- \/ Yoast SEO plugin. -->","yoast_head_json":{"title":"Belleza y peluquer\u00eda -","robots":{"index":"index","follow":"follow","max-snippet":"max-snippet:-1","max-image-preview":"max-image-preview:large","max-video-preview":"max-video-preview:-1"},"canonical":"https:\/\/clinicavalor.com\/en\/estetica\/","og_locale":"en_US","og_type":"article","og_title":"Belleza y peluquer\u00eda -","og_description":"Est\u00e9tica: Peluquer\u00eda, manicure, pedicure En\u00a0 nuestra est\u00e9tica podr\u00e1s disfrutar de todo tipo de tratamientos faciales, corporales y capilares, nuestras profesionales [&hellip;]","og_url":"https:\/\/clinicavalor.com\/en\/estetica\/","article_modified_time":"2025-10-07T16:34:25+00:00","og_image":[{"url":"http:\/\/clinicavalor.com\/wp-content\/uploads\/2023\/10\/manicure-pedicure.jpg","type":"","width":"","height":""}],"twitter_card":"summary_large_image","twitter_misc":{"Est. reading time":"3 minutes"},"schema":{"@context":"https:\/\/schema.org","@graph":[{"@type":"WebPage","@id":"https:\/\/clinicavalor.com\/estetica\/","url":"https:\/\/clinicavalor.com\/estetica\/","name":"Belleza y peluquer\u00eda -","isPartOf":{"@id":"https:\/\/clinicavalor.com\/#website"},"primaryImageOfPage":{"@id":"https:\/\/clinicavalor.com\/estetica\/#primaryimage"},"image":{"@id":"https:\/\/clinicavalor.com\/estetica\/#primaryimage"},"thumbnailUrl":"http:\/\/clinicavalor.com\/wp-content\/uploads\/2023\/10\/manicure-pedicure.jpg","datePublished":"2023-10-13T10:03:03+00:00","dateModified":"2025-10-07T16:34:25+00:00","breadcrumb":{"@id":"https:\/\/clinicavalor.com\/estetica\/#breadcrumb"},"inLanguage":"en-US","potentialAction":[{"@type":"ReadAction","target":["https:\/\/clinicavalor.com\/estetica\/"]}]},{"@type":"ImageObject","inLanguage":"en-US","@id":"https:\/\/clinicavalor.com\/estetica\/#primaryimage","url":"http:\/\/clinicavalor.com\/wp-content\/uploads\/2023\/10\/manicure-pedicure.jpg","contentUrl":"http:\/\/clinicavalor.com\/wp-content\/uploads\/2023\/10\/manicure-pedicure.jpg"},{"@type":"BreadcrumbList","@id":"https:\/\/clinicavalor.com\/estetica\/#breadcrumb","itemListElement":[{"@type":"ListItem","position":1,"name":"Home","item":"https:\/\/clinicavalor.com\/"},{"@type":"ListItem","position":2,"name":"Belleza y peluquer\u00eda"}]},{"@type":"WebSite","@id":"https:\/\/clinicavalor.com\/#website","url":"https:\/\/clinicavalor.com\/","name":"","description":"specialistas en tratamientos est\u00e9ticos avanzados como Dermapen, toxina botul\u00ednica y PRP. Formaci\u00f3n exclusiva con m\u00e1steres en Dermapen y cursos de est\u00e9tica en Benalm\u00e1dena.","publisher":{"@id":"https:\/\/clinicavalor.com\/#organization"},"potentialAction":[{"@type":"SearchAction","target":{"@type":"EntryPoint","urlTemplate":"https:\/\/clinicavalor.com\/?s={search_term_string}"},"query-input":{"@type":"PropertyValueSpecification","valueRequired":true,"valueName":"search_term_string"}}],"inLanguage":"en-US"},{"@type":"Organization","@id":"https:\/\/clinicavalor.com\/#organization","name":"","url":"https:\/\/clinicavalor.com\/","logo":{"@type":"ImageObject","inLanguage":"en-US","@id":"https:\/\/clinicavalor.com\/#\/schema\/logo\/image\/","url":"https:\/\/clinicavalor.com\/wp-content\/uploads\/2023\/10\/cropped-cropped-Diseno-sin-titulo-16-3.png","contentUrl":"https:\/\/clinicavalor.com\/wp-content\/uploads\/2023\/10\/cropped-cropped-Diseno-sin-titulo-16-3.png","width":172,"height":241,"caption":" "},"image":{"@id":"https:\/\/clinicavalor.com\/#\/schema\/logo\/image\/"}}]}},"_links":{"self":[{"href":"https:\/\/clinicavalor.com\/en\/wp-json\/wp\/v2\/pages\/177","targetHints":{"allow":["GET"]}}],"collection":[{"href":"https:\/\/clinicavalor.com\/en\/wp-json\/wp\/v2\/pages"}],"about":[{"href":"https:\/\/clinicavalor.com\/en\/wp-json\/wp\/v2\/types\/page"}],"author":[{"embeddable":true,"href":"https:\/\/clinicavalor.com\/en\/wp-json\/wp\/v2\/users\/1"}],"replies":[{"embeddable":true,"href":"https:\/\/clinicavalor.com\/en\/wp-json\/wp\/v2\/comments?post=177"}],"version-history":[{"count":8,"href":"https:\/\/clinicavalor.com\/en\/wp-json\/wp\/v2\/pages\/177\/revisions"}],"predecessor-version":[{"id":380,"href":"https:\/\/clinicavalor.com\/en\/wp-json\/wp\/v2\/pages\/177\/revisions\/380"}],"wp:attachment":[{"href":"https:\/\/clinicavalor.com\/en\/wp-json\/wp\/v2\/media?parent=177"}],"curies":[{"name":"wp","href":"https:\/\/api.w.org\/{rel}","templated":true}]}}