{"id":175,"date":"2023-10-13T12:02:33","date_gmt":"2023-10-13T10:02:33","guid":{"rendered":"https:\/\/clinicavalor.com\/?page_id=175"},"modified":"2026-04-21T22:33:48","modified_gmt":"2026-04-21T20:33:48","slug":"medical","status":"publish","type":"page","link":"https:\/\/clinicavalor.com\/en\/medical\/","title":{"rendered":"Aesthetic Medicine"},"content":{"rendered":"<h4>\n\t\t\tNeuromoduladores\t<\/h4>\n\t\t\t\t<img decoding=\"async\" src=\"http:\/\/clinicavalor.com\/wp-content\/uploads\/2023\/10\/paciente-femenino-que-recibe-inyeccion-botox-frente-scaled.jpg\" alt=\"mujer aplic\u00e1ndose b\u00f3tox en benalm\u00e1dena\" itemprop=\"image\" title=\"mujer aplic\u00e1ndose b\u00f3tox en benalm\u00e1dena\" onerror=\"this.style.display='none'\" loading=\"lazy\" \/>\n<h4>\n\t\t\tTratamiento aut\u00f3logo\t<\/h4>\n\t\t\t\t<img decoding=\"async\" src=\"https:\/\/clinicavalor.com\/wp-content\/uploads\/2023\/10\/paciente-femenino-que-recibe-inyeccion-botox-frente-scaled.jpg\" alt=\"mujer aplic\u00e1ndose b\u00f3tox en benalm\u00e1dena\" itemprop=\"image\" height=\"1707\" width=\"2560\" title=\"mujer aplic\u00e1ndose b\u00f3tox en benalm\u00e1dena\" onerror=\"this.style.display='none'\" loading=\"lazy\" \/>\n<h4>\n\t\t\tHilos Tensores\t<\/h4>\n\t\t\t\t<img decoding=\"async\" src=\"http:\/\/clinicavalor.com\/wp-content\/uploads\/2023\/10\/hilos-tensonres-scaled.jpg\" alt=\"hilos tensonres\" itemprop=\"image\" title=\"hilos tensonres\" onerror=\"this.style.display='none'\" loading=\"lazy\" \/>\n\t<p>Nombre popularmente establecido para la toxina botul\u00ednica, es sin duda, junto con los rellenos de \u00c1cido Hialur\u00f3nico, el tratamiento estrella de la medicina est\u00e9tica por sus grandes beneficios, algunos de ellos son:<\/p>\n<ul>\n<li>Tratamiento y Prevenci\u00f3n Arrugas de expresi\u00f3n o Din\u00e1micas en Tercio Superior: Frente, Entrecejo y Patas de Gallo<\/li>\n<li>Bruxismo<\/li>\n<li>Sonrisa Gingival<\/li>\n<li>Hiperhidrosis Axilas(Sudoraci\u00f3n)<\/li>\n<\/ul>\n<p>Con la toxina botul\u00ednica logramos un efecto natural y rejuvenecedor y al mismo tiempo frenamos los signos de envejecimiento de esa zona al bloquear temporalmente el m\u00fasculo.\u00a0<\/p>\n<p>No hay una edad m\u00ednima para el tratamiento y las tendencias actuales recomiendan la toxina desde los 25 a\u00f1os.<\/p>\n\t<p>El Rejuvenecimiento con Plasma es uno de los tratamientos m\u00e1s avanzados que hay en rejuvenecimiento facial. Y no es casualidad, ya que es un tratamiento que ayuda el aspecto de la piel, incrementa la firmeza y la luminosidad. Es uno de los tratamientos de rejuvenecimiento que m\u00e1s duran y estimula intensamente la renovaci\u00f3n celular durante 1 o 2 a\u00f1os.<\/p>\n<p>El Rejuvenecimiento con Plasma utiliza tu propio plasma, El plasma rico en plaquetas se ha utilizado en medicina para curar tejidos y lesiones, Avanzar en la cicatrizaci\u00f3n de heridas, reparar tendones, ligamentos o el da\u00f1o articular. Tambi\u00e9n ayuda a sanar \u00falceras diab\u00e9ticas, regenerar los m\u00fasculos y los huesos, definitivamente tiene un sin fin de beneficios.<\/p>\n\t<p>Los hilos tensores ayudan a tensar y recolocar la piel que se ha descolgado por la edad. dicho tratamiento ofrece a la dermis una mayor firmeza y tersura, elevando los tejidos faciales.\u00a0<\/p>\n<p>Por su efectividad, es uno de los tratamientos <i>Anti edad<\/i> m\u00e1s demandados.<\/p>\n<p>Ahora bien: la acci\u00f3n de los hilos tensores va m\u00e1s all\u00e1, ya que tambi\u00e9n trabaja a nivel subcut\u00e1neo. En este sentido, hay que tener en cuenta que la polidioxanona estimula la producci\u00f3n natural de elastina y col\u00e1geno alrededor de las hebras insertadas. El resultado es un<i> lifting<\/i> facial sin cirug\u00eda, con lo que se logra <b>disminuir la flacidez y recuperar la firmeza y la elasticidad de la piel.<\/b> Estar\u00e1 mucho m\u00e1s suave y luminosa, <b>visiblemente rejuvenecida.<\/b><\/p>\n<h4>\n\t\t\tOzonoterapia\t<\/h4>\n\t\t\t\t<img decoding=\"async\" src=\"http:\/\/clinicavalor.com\/wp-content\/uploads\/2023\/10\/retrato-mujer-europea-mayor-madura-toca-cara-suavemente-tiene-piel-perfecta-mira-pensativamente-lejos-disfruta-su-tez-suave-preocupa-apariencia-satisfecha-despues-procedimiento-anti-envejecimiento-scaled.jpg\" alt=\"Portrait of mature elderly European woman touches face gently has perfect skin and looks thoughtfully away enjoys her soft complexion cares about appearance satisfied after anti aging procedure\" itemprop=\"image\" title=\"Portrait of mature elderly European woman touches face gently has perfect skin and looks thoughtfully away enjoys her soft complexion cares about appearance satisfied after anti aging procedure\" onerror=\"this.style.display='none'\" loading=\"lazy\" \/>\n<h4>\n\t\t\tBlepharoplasty\t<\/h4>\n\t\t\t\t<img decoding=\"async\" src=\"http:\/\/clinicavalor.com\/wp-content\/uploads\/2023\/10\/BLEFAROPLASTIA-scaled.jpg\" alt=\"BLEFAROPLASTIA\" itemprop=\"image\" title=\"BLEFAROPLASTIA\" onerror=\"this.style.display='none'\" loading=\"lazy\" \/>\n<h4>\n\t\t\tLipolaser\t<\/h4>\n\t\t\t\t<img decoding=\"async\" src=\"http:\/\/clinicavalor.com\/wp-content\/uploads\/2023\/10\/lipolaser-corporal-hombres-mujeres-murcia-1.jpeg\" alt=\"lipolaser-corporal-hombres-mujeres-murcia-1\" itemprop=\"image\" title=\"lipolaser-corporal-hombres-mujeres-murcia-1\" onerror=\"this.style.display='none'\" loading=\"lazy\" \/>\n\t<p>Se trata de una t\u00e9cnica muy efectiva para combatir la celulitis en zonas localizadas. Tambi\u00e9n es eficaz para mejorar la calidad cut\u00e1nea en general y para mejorar la fibrosis postquir\u00fargica<\/p>\n<p>El <b>tratamiento de ozonoterapia<\/b> es utilizado como tratamiento complementario para diferentes enfermedades relacionadas con el estr\u00e9s oxidativo, incluido el dolor cr\u00f3nico, enfermedades autoinmunes, la fibromialgia etc.<\/p>\n\t<p>La cirug\u00eda de los p\u00e1rpados es una t\u00e9cnica quir\u00fargica que consiste en corregir el exceso de piel y las bolsas de grasa de los p\u00e1rpados superiores e inferiores. Estos s\u00edntomas, causados por el paso de los a\u00f1os, dan una apariencia de envejecimiento y cansancio que afecta al conjunto de la cara.<\/p>\n<p>La cirug\u00eda est\u00e9tica de p\u00e1rpados es un procedimiento quir\u00fargico que se realiza \u00fanicamente para mejorar tu apariencia.<\/p>\n<p>Elimina la mirada cansada y te hace lucir un rostro rejuvenecido.<\/p>\n\t<p>Es un tratamiento poco invasivo que busca eliminar grasa, moldear el cuerpo y reducir la celulitis que es producto del exceso de grasa acumulada en el cuerpo. El tratamiento lipol\u00e1ser consiste en aplicar energ\u00eda l\u00e1ser a trav\u00e9s de ondas precisas sin generar ning\u00fan tipo de dolor.<\/p>\n<p>El lipol\u00e1ser permite la reducci\u00f3n o la eliminaci\u00f3n de grasa localizada, as\u00ed como el moldemiento del contorno corporal y reducir la celulitis. La gran ventaja de este procedimiento es que se trata de un m\u00e9todo no invasivo que permite al paciente ser tratado en menos de tres horas y que permite una reincorporaci\u00f3n inmediata a su vida cotidiana. Permite tratar zonas donde existe flacidez tales como la cara, la papada, los muslos o los brazos, aunque se puede aplicar en muchas otras zonas del cuerpo.<\/p>","protected":false},"excerpt":{"rendered":"<p>Neuromoduladores Tratamiento aut\u00f3logo Hilos Tensores Nombre popularmente establecido para la toxina botul\u00ednica, es sin duda, junto con los rellenos de [&hellip;]<\/p>\n","protected":false},"author":1,"featured_media":0,"parent":0,"menu_order":0,"comment_status":"closed","ping_status":"closed","template":"","meta":{"site-sidebar-layout":"default","site-content-layout":"","ast-site-content-layout":"default","site-content-style":"default","site-sidebar-style":"default","ast-global-header-display":"","ast-banner-title-visibility":"","ast-main-header-display":"","ast-hfb-above-header-display":"","ast-hfb-below-header-display":"","ast-hfb-mobile-header-display":"","site-post-title":"","ast-breadcrumbs-content":"","ast-featured-img":"","footer-sml-layout":"","theme-transparent-header-meta":"","adv-header-id-meta":"","stick-header-meta":"","header-above-stick-meta":"","header-main-stick-meta":"","header-below-stick-meta":"","astra-migrate-meta-layouts":"default","ast-page-background-enabled":"default","ast-page-background-meta":{"desktop":{"background-color":"var(--ast-global-color-5)","background-image":"","background-repeat":"repeat","background-position":"center center","background-size":"auto","background-attachment":"scroll","background-type":"","background-media":"","overlay-type":"","overlay-color":"","overlay-opacity":"","overlay-gradient":""},"tablet":{"background-color":"","background-image":"","background-repeat":"repeat","background-position":"center center","background-size":"auto","background-attachment":"scroll","background-type":"","background-media":"","overlay-type":"","overlay-color":"","overlay-opacity":"","overlay-gradient":""},"mobile":{"background-color":"","background-image":"","background-repeat":"repeat","background-position":"center center","background-size":"auto","background-attachment":"scroll","background-type":"","background-media":"","overlay-type":"","overlay-color":"","overlay-opacity":"","overlay-gradient":""}},"ast-content-background-meta":{"desktop":{"background-color":"var(--ast-global-color-4)","background-image":"","background-repeat":"repeat","background-position":"center center","background-size":"auto","background-attachment":"scroll","background-type":"","background-media":"","overlay-type":"","overlay-color":"","overlay-opacity":"","overlay-gradient":""},"tablet":{"background-color":"var(--ast-global-color-4)","background-image":"","background-repeat":"repeat","background-position":"center center","background-size":"auto","background-attachment":"scroll","background-type":"","background-media":"","overlay-type":"","overlay-color":"","overlay-opacity":"","overlay-gradient":""},"mobile":{"background-color":"var(--ast-global-color-4)","background-image":"","background-repeat":"repeat","background-position":"center center","background-size":"auto","background-attachment":"scroll","background-type":"","background-media":"","overlay-type":"","overlay-color":"","overlay-opacity":"","overlay-gradient":""}},"footnotes":""},"class_list":["post-175","page","type-page","status-publish","hentry"],"yoast_head":"<!-- This site is optimized with the Yoast SEO plugin v27.4 - https:\/\/yoast.com\/product\/yoast-seo-wordpress\/ -->\n<title>Medicina Est\u00e9tica -<\/title>\n<meta name=\"robots\" content=\"index, follow, max-snippet:-1, max-image-preview:large, max-video-preview:-1\" \/>\n<link rel=\"canonical\" href=\"https:\/\/clinicavalor.com\/en\/medical\/\" \/>\n<meta property=\"og:locale\" content=\"en_US\" \/>\n<meta property=\"og:type\" content=\"article\" \/>\n<meta property=\"og:title\" content=\"Medicina Est\u00e9tica -\" \/>\n<meta property=\"og:description\" content=\"Neuromoduladores Tratamiento aut\u00f3logo Hilos Tensores Nombre popularmente establecido para la toxina botul\u00ednica, es sin duda, junto con los rellenos de [&hellip;]\" \/>\n<meta property=\"og:url\" content=\"https:\/\/clinicavalor.com\/en\/medical\/\" \/>\n<meta property=\"article:modified_time\" content=\"2026-04-21T20:33:48+00:00\" \/>\n<meta property=\"og:image\" content=\"http:\/\/clinicavalor.com\/wp-content\/uploads\/2023\/10\/paciente-femenino-que-recibe-inyeccion-botox-frente-scaled.jpg\" \/>\n<meta name=\"twitter:card\" content=\"summary_large_image\" \/>\n<meta name=\"twitter:label1\" content=\"Est. reading time\" \/>\n\t<meta name=\"twitter:data1\" content=\"4 minutes\" \/>\n<script type=\"application\/ld+json\" class=\"yoast-schema-graph\">{\"@context\":\"https:\\\/\\\/schema.org\",\"@graph\":[{\"@type\":\"WebPage\",\"@id\":\"https:\\\/\\\/clinicavalor.com\\\/medical\\\/\",\"url\":\"https:\\\/\\\/clinicavalor.com\\\/medical\\\/\",\"name\":\"Medicina Est\u00e9tica -\",\"isPartOf\":{\"@id\":\"https:\\\/\\\/clinicavalor.com\\\/#website\"},\"primaryImageOfPage\":{\"@id\":\"https:\\\/\\\/clinicavalor.com\\\/medical\\\/#primaryimage\"},\"image\":{\"@id\":\"https:\\\/\\\/clinicavalor.com\\\/medical\\\/#primaryimage\"},\"thumbnailUrl\":\"http:\\\/\\\/clinicavalor.com\\\/wp-content\\\/uploads\\\/2023\\\/10\\\/paciente-femenino-que-recibe-inyeccion-botox-frente-scaled.jpg\",\"datePublished\":\"2023-10-13T10:02:33+00:00\",\"dateModified\":\"2026-04-21T20:33:48+00:00\",\"breadcrumb\":{\"@id\":\"https:\\\/\\\/clinicavalor.com\\\/medical\\\/#breadcrumb\"},\"inLanguage\":\"en-US\",\"potentialAction\":[{\"@type\":\"ReadAction\",\"target\":[\"https:\\\/\\\/clinicavalor.com\\\/medical\\\/\"]}]},{\"@type\":\"ImageObject\",\"inLanguage\":\"en-US\",\"@id\":\"https:\\\/\\\/clinicavalor.com\\\/medical\\\/#primaryimage\",\"url\":\"http:\\\/\\\/clinicavalor.com\\\/wp-content\\\/uploads\\\/2023\\\/10\\\/paciente-femenino-que-recibe-inyeccion-botox-frente-scaled.jpg\",\"contentUrl\":\"http:\\\/\\\/clinicavalor.com\\\/wp-content\\\/uploads\\\/2023\\\/10\\\/paciente-femenino-que-recibe-inyeccion-botox-frente-scaled.jpg\"},{\"@type\":\"BreadcrumbList\",\"@id\":\"https:\\\/\\\/clinicavalor.com\\\/medical\\\/#breadcrumb\",\"itemListElement\":[{\"@type\":\"ListItem\",\"position\":1,\"name\":\"Home\",\"item\":\"https:\\\/\\\/clinicavalor.com\\\/\"},{\"@type\":\"ListItem\",\"position\":2,\"name\":\"Medicina Est\u00e9tica\"}]},{\"@type\":\"WebSite\",\"@id\":\"https:\\\/\\\/clinicavalor.com\\\/#website\",\"url\":\"https:\\\/\\\/clinicavalor.com\\\/\",\"name\":\"\",\"description\":\"specialistas en tratamientos est\u00e9ticos avanzados como Dermapen, toxina botul\u00ednica y PRP. Formaci\u00f3n exclusiva con m\u00e1steres en Dermapen y cursos de est\u00e9tica en Benalm\u00e1dena.\",\"publisher\":{\"@id\":\"https:\\\/\\\/clinicavalor.com\\\/#organization\"},\"potentialAction\":[{\"@type\":\"SearchAction\",\"target\":{\"@type\":\"EntryPoint\",\"urlTemplate\":\"https:\\\/\\\/clinicavalor.com\\\/?s={search_term_string}\"},\"query-input\":{\"@type\":\"PropertyValueSpecification\",\"valueRequired\":true,\"valueName\":\"search_term_string\"}}],\"inLanguage\":\"en-US\"},{\"@type\":\"Organization\",\"@id\":\"https:\\\/\\\/clinicavalor.com\\\/#organization\",\"name\":\"\",\"url\":\"https:\\\/\\\/clinicavalor.com\\\/\",\"logo\":{\"@type\":\"ImageObject\",\"inLanguage\":\"en-US\",\"@id\":\"https:\\\/\\\/clinicavalor.com\\\/#\\\/schema\\\/logo\\\/image\\\/\",\"url\":\"https:\\\/\\\/clinicavalor.com\\\/wp-content\\\/uploads\\\/2023\\\/10\\\/cropped-cropped-Diseno-sin-titulo-16-3.png\",\"contentUrl\":\"https:\\\/\\\/clinicavalor.com\\\/wp-content\\\/uploads\\\/2023\\\/10\\\/cropped-cropped-Diseno-sin-titulo-16-3.png\",\"width\":172,\"height\":241,\"caption\":\" \"},\"image\":{\"@id\":\"https:\\\/\\\/clinicavalor.com\\\/#\\\/schema\\\/logo\\\/image\\\/\"}}]}<\/script>\n<!-- \/ Yoast SEO plugin. -->","yoast_head_json":{"title":"Medicina Est\u00e9tica -","robots":{"index":"index","follow":"follow","max-snippet":"max-snippet:-1","max-image-preview":"max-image-preview:large","max-video-preview":"max-video-preview:-1"},"canonical":"https:\/\/clinicavalor.com\/en\/medical\/","og_locale":"en_US","og_type":"article","og_title":"Medicina Est\u00e9tica -","og_description":"Neuromoduladores Tratamiento aut\u00f3logo Hilos Tensores Nombre popularmente establecido para la toxina botul\u00ednica, es sin duda, junto con los rellenos de [&hellip;]","og_url":"https:\/\/clinicavalor.com\/en\/medical\/","article_modified_time":"2026-04-21T20:33:48+00:00","og_image":[{"url":"http:\/\/clinicavalor.com\/wp-content\/uploads\/2023\/10\/paciente-femenino-que-recibe-inyeccion-botox-frente-scaled.jpg","type":"","width":"","height":""}],"twitter_card":"summary_large_image","twitter_misc":{"Est. reading time":"4 minutes"},"schema":{"@context":"https:\/\/schema.org","@graph":[{"@type":"WebPage","@id":"https:\/\/clinicavalor.com\/medical\/","url":"https:\/\/clinicavalor.com\/medical\/","name":"Medicina Est\u00e9tica -","isPartOf":{"@id":"https:\/\/clinicavalor.com\/#website"},"primaryImageOfPage":{"@id":"https:\/\/clinicavalor.com\/medical\/#primaryimage"},"image":{"@id":"https:\/\/clinicavalor.com\/medical\/#primaryimage"},"thumbnailUrl":"http:\/\/clinicavalor.com\/wp-content\/uploads\/2023\/10\/paciente-femenino-que-recibe-inyeccion-botox-frente-scaled.jpg","datePublished":"2023-10-13T10:02:33+00:00","dateModified":"2026-04-21T20:33:48+00:00","breadcrumb":{"@id":"https:\/\/clinicavalor.com\/medical\/#breadcrumb"},"inLanguage":"en-US","potentialAction":[{"@type":"ReadAction","target":["https:\/\/clinicavalor.com\/medical\/"]}]},{"@type":"ImageObject","inLanguage":"en-US","@id":"https:\/\/clinicavalor.com\/medical\/#primaryimage","url":"http:\/\/clinicavalor.com\/wp-content\/uploads\/2023\/10\/paciente-femenino-que-recibe-inyeccion-botox-frente-scaled.jpg","contentUrl":"http:\/\/clinicavalor.com\/wp-content\/uploads\/2023\/10\/paciente-femenino-que-recibe-inyeccion-botox-frente-scaled.jpg"},{"@type":"BreadcrumbList","@id":"https:\/\/clinicavalor.com\/medical\/#breadcrumb","itemListElement":[{"@type":"ListItem","position":1,"name":"Home","item":"https:\/\/clinicavalor.com\/"},{"@type":"ListItem","position":2,"name":"Medicina Est\u00e9tica"}]},{"@type":"WebSite","@id":"https:\/\/clinicavalor.com\/#website","url":"https:\/\/clinicavalor.com\/","name":"","description":"specialistas en tratamientos est\u00e9ticos avanzados como Dermapen, toxina botul\u00ednica y PRP. Formaci\u00f3n exclusiva con m\u00e1steres en Dermapen y cursos de est\u00e9tica en Benalm\u00e1dena.","publisher":{"@id":"https:\/\/clinicavalor.com\/#organization"},"potentialAction":[{"@type":"SearchAction","target":{"@type":"EntryPoint","urlTemplate":"https:\/\/clinicavalor.com\/?s={search_term_string}"},"query-input":{"@type":"PropertyValueSpecification","valueRequired":true,"valueName":"search_term_string"}}],"inLanguage":"en-US"},{"@type":"Organization","@id":"https:\/\/clinicavalor.com\/#organization","name":"","url":"https:\/\/clinicavalor.com\/","logo":{"@type":"ImageObject","inLanguage":"en-US","@id":"https:\/\/clinicavalor.com\/#\/schema\/logo\/image\/","url":"https:\/\/clinicavalor.com\/wp-content\/uploads\/2023\/10\/cropped-cropped-Diseno-sin-titulo-16-3.png","contentUrl":"https:\/\/clinicavalor.com\/wp-content\/uploads\/2023\/10\/cropped-cropped-Diseno-sin-titulo-16-3.png","width":172,"height":241,"caption":" "},"image":{"@id":"https:\/\/clinicavalor.com\/#\/schema\/logo\/image\/"}}]}},"_links":{"self":[{"href":"https:\/\/clinicavalor.com\/en\/wp-json\/wp\/v2\/pages\/175","targetHints":{"allow":["GET"]}}],"collection":[{"href":"https:\/\/clinicavalor.com\/en\/wp-json\/wp\/v2\/pages"}],"about":[{"href":"https:\/\/clinicavalor.com\/en\/wp-json\/wp\/v2\/types\/page"}],"author":[{"embeddable":true,"href":"https:\/\/clinicavalor.com\/en\/wp-json\/wp\/v2\/users\/1"}],"replies":[{"embeddable":true,"href":"https:\/\/clinicavalor.com\/en\/wp-json\/wp\/v2\/comments?post=175"}],"version-history":[{"count":12,"href":"https:\/\/clinicavalor.com\/en\/wp-json\/wp\/v2\/pages\/175\/revisions"}],"predecessor-version":[{"id":646,"href":"https:\/\/clinicavalor.com\/en\/wp-json\/wp\/v2\/pages\/175\/revisions\/646"}],"wp:attachment":[{"href":"https:\/\/clinicavalor.com\/en\/wp-json\/wp\/v2\/media?parent=175"}],"curies":[{"name":"wp","href":"https:\/\/api.w.org\/{rel}","templated":true}]}}